{"id":8367,"date":"2023-06-21T14:52:40","date_gmt":"2023-06-21T14:52:40","guid":{"rendered":"https:\/\/nutricion.pro\/?page_id=8367"},"modified":"2023-06-21T15:01:08","modified_gmt":"2023-06-21T15:01:08","slug":"muskelschmerzen","status":"publish","type":"page","link":"https:\/\/nutricion.pro\/de\/muskelschmerzen\/","title":{"rendered":"Muskelschmerzen"},"content":{"rendered":"\t\t<div data-elementor-type=\"wp-page\" data-elementor-id=\"8367\" class=\"elementor elementor-8367\" data-elementor-post-type=\"page\">\n\t\t\t\t\t\t<section class=\"elementor-section elementor-top-section elementor-element elementor-element-9078d35 elementor-section-boxed elementor-section-height-default elementor-section-height-default qodef-elementor-content-no\" data-id=\"9078d35\" data-element_type=\"section\" data-e-type=\"section\">\n\t\t\t\t\t\t<div class=\"elementor-container elementor-column-gap-default\">\n\t\t\t\t\t<div class=\"elementor-column elementor-col-100 elementor-top-column elementor-element elementor-element-db61062\" data-id=\"db61062\" data-element_type=\"column\" data-e-type=\"column\">\n\t\t\t<div class=\"elementor-widget-wrap elementor-element-populated\">\n\t\t\t\t\t\t<div class=\"elementor-element elementor-element-9b7caec elementor-widget elementor-widget-qi_addons_for_elementor_blog_list\" data-id=\"9b7caec\" data-element_type=\"widget\" data-e-type=\"widget\" data-widget_type=\"qi_addons_for_elementor_blog_list.default\">\n\t\t\t\t<div class=\"elementor-widget-container\">\n\t\t\t\t\t<div class=\"qodef-shortcode qodef-m qodef-addons-blog-list qodef-info-no-icons qodef-image--hover-zoom qodef-qi-grid qodef-layout--qi-columns qodef-col-num--4 qodef-item-layout--date-boxed qodef-responsive--custom qodef-col-num--1680--3 qodef-col-num--1440--4 qodef-col-num--1366--4 qodef-col-num--1024--2 qodef-col-num--768--2 qodef-col-num--680--1 qodef-col-num--480--1\" >\n\t<div class=\"qodef-grid-inner\">\n\t\t<article class=\"qodef-e qodef-blog-item qodef-grid-item qodef-item--medium post-8333 post type-post status-publish format-standard has-post-thumbnail hentry category-muskelschmerzen\">\n\t<div class=\"qodef-e-inner\">\n\t\t<div class=\"qodef-e-media-holder\">\n\t\t\t<div class=\"qodef-e-media\">\n\t\t<div class=\"qodef-e-media-image\">\n\t\t<a itemprop=\"url\" href=\"https:\/\/nutricion.pro\/de\/bestes-mittel-gegen-muskelschmerzen\/\">\n\t\t\t<img fetchpriority=\"high\" decoding=\"async\" width=\"300\" height=\"200\" src=\"https:\/\/nutricion.pro\/wp-content\/uploads\/2022\/09\/man-with-sport-nutrition-2021-08-29-16-28-24-utc-300x200.jpg\" class=\"attachment-medium size-medium\" alt=\"pills\" srcset=\"https:\/\/nutricion.pro\/wp-content\/uploads\/2022\/09\/man-with-sport-nutrition-2021-08-29-16-28-24-utc-300x200.jpg 300w, https:\/\/nutricion.pro\/wp-content\/uploads\/2022\/09\/man-with-sport-nutrition-2021-08-29-16-28-24-utc-1024x683.jpg 1024w, https:\/\/nutricion.pro\/wp-content\/uploads\/2022\/09\/man-with-sport-nutrition-2021-08-29-16-28-24-utc-768x513.jpg 768w, https:\/\/nutricion.pro\/wp-content\/uploads\/2022\/09\/man-with-sport-nutrition-2021-08-29-16-28-24-utc-1536x1025.jpg 1536w, https:\/\/nutricion.pro\/wp-content\/uploads\/2022\/09\/man-with-sport-nutrition-2021-08-29-16-28-24-utc-2048x1367.jpg 2048w\" sizes=\"(max-width: 300px) 100vw, 300px\" \/>\t\t<\/a>\n\t\t\t<\/div>\n<\/div>\n\t\t<\/div>\n\t\t<div class=\"qodef-e-content\">\n\t\t\t\t\t\t\t<div class=\"qodef-e-info qodef-info--top\">\n\t\t\t\t\t<div class=\"qodef-e-info-item qodef-e-info-author\">\n\t<a itemprop=\"author\" class=\"qodef-e-info-author-link\" href=\"https:\/\/nutricion.pro\/de\/author\/beheer_o3r17oyp\/\">\n\t\t\t\tNutricion.pro\t<\/a>\n<\/div>\n\t\t\t\t<\/div>\n\t\t\t\t\t\t<div class=\"qodef-e-text\">\n\t\t\t\t<h6 itemprop=\"name\" class=\"qodef-e-title entry-title\">\n\t<a itemprop=\"url\" class=\"qodef-e-title-link\" href=\"https:\/\/nutricion.pro\/de\/bestes-mittel-gegen-muskelschmerzen\/\">\n\t\tBestes Mittel gegen Muskelschmerzen\t<\/a>\n<\/h6>\n\t\t<p itemprop=\"description\" class=\"qodef-e-excerpt\">\n\t\t\tWer kennt das nicht: Ein schmerzhaftes Ziehen in den Muskeln, das jede Bewegung schier unm\u00f6glich macht! Leiden Sie unter Muskelkater (Myalgie) und suchen Sie nach dem besten Mitte\t\t<\/p>\n\t\t\t\t<\/div>\n\t\t\t\t\t\t\t<div class=\"qodef-e-info qodef-info--bottom\">\n\t\t\t\t\t\t<div class=\"qodef-e-read-more\">\n\t\t<a class=\"qodef-shortcode qodef-m qodef-qi-button qodef-html--link qodef-layout--outlined qodef-type--standard qodef-icon--right qodef-hover--icon-move-horizontal-short\" href=\"https:\/\/nutricion.pro\/de\/bestes-mittel-gegen-muskelschmerzen\/\" target=\"_self\">\t<span class=\"qodef-m-text\">Lees meer<\/span>\t<\/a>\t<\/div>\n\t\t\t\t<\/div>\n\t\t\t\t\t<\/div>\n\t<\/div>\n<\/article>\n<article class=\"qodef-e qodef-blog-item qodef-grid-item qodef-item--medium post-8321 post type-post status-publish format-standard has-post-thumbnail hentry category-muskelschmerzen\">\n\t<div class=\"qodef-e-inner\">\n\t\t<div class=\"qodef-e-media-holder\">\n\t\t\t<div class=\"qodef-e-media\">\n\t\t<div class=\"qodef-e-media-image\">\n\t\t<a itemprop=\"url\" href=\"https:\/\/nutricion.pro\/de\/was-hilft-gegen-muskelkater\/\">\n\t\t\t<img decoding=\"async\" width=\"300\" height=\"200\" src=\"https:\/\/nutricion.pro\/wp-content\/uploads\/2021\/03\/qualified-physiotherapist-assessing-muscle-strengt-2022-01-11-15-12-53-utc-300x200.jpg\" class=\"attachment-medium size-medium\" alt=\"\" srcset=\"https:\/\/nutricion.pro\/wp-content\/uploads\/2021\/03\/qualified-physiotherapist-assessing-muscle-strengt-2022-01-11-15-12-53-utc-300x200.jpg 300w, https:\/\/nutricion.pro\/wp-content\/uploads\/2021\/03\/qualified-physiotherapist-assessing-muscle-strengt-2022-01-11-15-12-53-utc-1024x683.jpg 1024w, https:\/\/nutricion.pro\/wp-content\/uploads\/2021\/03\/qualified-physiotherapist-assessing-muscle-strengt-2022-01-11-15-12-53-utc-768x512.jpg 768w, https:\/\/nutricion.pro\/wp-content\/uploads\/2021\/03\/qualified-physiotherapist-assessing-muscle-strengt-2022-01-11-15-12-53-utc-1536x1024.jpg 1536w, https:\/\/nutricion.pro\/wp-content\/uploads\/2021\/03\/qualified-physiotherapist-assessing-muscle-strengt-2022-01-11-15-12-53-utc-2048x1365.jpg 2048w\" sizes=\"(max-width: 300px) 100vw, 300px\" \/>\t\t<\/a>\n\t\t\t<\/div>\n<\/div>\n\t\t<\/div>\n\t\t<div class=\"qodef-e-content\">\n\t\t\t\t\t\t\t<div class=\"qodef-e-info qodef-info--top\">\n\t\t\t\t\t<div class=\"qodef-e-info-item qodef-e-info-author\">\n\t<a itemprop=\"author\" class=\"qodef-e-info-author-link\" href=\"https:\/\/nutricion.pro\/de\/author\/beheer_o3r17oyp\/\">\n\t\t\t\tNutricion.pro\t<\/a>\n<\/div>\n\t\t\t\t<\/div>\n\t\t\t\t\t\t<div class=\"qodef-e-text\">\n\t\t\t\t<h6 itemprop=\"name\" class=\"qodef-e-title entry-title\">\n\t<a itemprop=\"url\" class=\"qodef-e-title-link\" href=\"https:\/\/nutricion.pro\/de\/was-hilft-gegen-muskelkater\/\">\n\t\tWas hilft gegen Muskelkater?\t<\/a>\n<\/h6>\n\t\t<p itemprop=\"description\" class=\"qodef-e-excerpt\">\n\t\t\tWer von uns hat nicht schon einmal unter Muskelkater gelitten! Ob nach einer langen Wanderung, ungewohntem Sport oder einfach durch ein paar falsche Bewegungen im Haushalt, Muskelk\t\t<\/p>\n\t\t\t\t<\/div>\n\t\t\t\t\t\t\t<div class=\"qodef-e-info qodef-info--bottom\">\n\t\t\t\t\t\t<div class=\"qodef-e-read-more\">\n\t\t<a class=\"qodef-shortcode qodef-m qodef-qi-button qodef-html--link qodef-layout--outlined qodef-type--standard qodef-icon--right qodef-hover--icon-move-horizontal-short\" href=\"https:\/\/nutricion.pro\/de\/was-hilft-gegen-muskelkater\/\" target=\"_self\">\t<span class=\"qodef-m-text\">Lees meer<\/span>\t<\/a>\t<\/div>\n\t\t\t\t<\/div>\n\t\t\t\t\t<\/div>\n\t<\/div>\n<\/article>\n\t<\/div>\n\t<\/div>\n\t\t\t\t<\/div>\n\t\t\t\t<\/div>\n\t\t\t\t\t<\/div>\n\t\t<\/div>\n\t\t\t\t\t<\/div>\n\t\t<\/section>\n\t\t\t\t<section class=\"elementor-section elementor-top-section elementor-element elementor-element-93e6642 elementor-section-boxed elementor-section-height-default elementor-section-height-default qodef-elementor-content-no\" data-id=\"93e6642\" data-element_type=\"section\" data-e-type=\"section\">\n\t\t\t\t\t\t<div class=\"elementor-container elementor-column-gap-default\">\n\t\t\t\t\t<div class=\"elementor-column elementor-col-50 elementor-top-column elementor-element elementor-element-f89f308\" data-id=\"f89f308\" data-element_type=\"column\" data-e-type=\"column\">\n\t\t\t<div class=\"elementor-widget-wrap elementor-element-populated\">\n\t\t\t\t\t\t<div class=\"elementor-element elementor-element-0546df7 elementor-widget elementor-widget-text-editor\" data-id=\"0546df7\" data-element_type=\"widget\" data-e-type=\"widget\" data-widget_type=\"text-editor.default\">\n\t\t\t\t<div class=\"elementor-widget-container\">\n\t\t\t\t\t\t\t\t\t<h2>Was tun gegen Muskelschmerzen?<\/h2><p><span style=\"font-weight: 400;\">Muskelschmerzen sind in der Medizin unter dem Begriff Myalgie bekannt. Bei einem klassischen Muskelkater f\u00fchlen Sie sprichw\u00f6rtlich jede Muskelfaser einzeln. Die einfachsten Bewegungen verursachen Schmerzen, so dass Sie oft mehrere Tage au\u00dfer Gefecht gesetzt sind. In diesem Artikel kl\u00e4ren wir \u00fcber m\u00f6gliche Ursachen von Muskelschmerzen auf und geben Ihnen n\u00fctzliche Tipps, wie Sie die Zeit mit Ihrem Muskelkater am besten \u00fcberstehen k\u00f6nnen.<\/span><\/p><h1 style=\"background-color: #ffffff; letter-spacing: normal;\">Ursachen f\u00fcr Muskelschmerzen<\/h1><p style=\"background-color: #ffffff;\">Fragen Sie sich, woher Ihre Muskelschmerzen kommen? F\u00fcr Muskelschmerzen gibt es zahlreiche Ursachen. Wir haben die h\u00e4ufigsten f\u00fcr Sie aufgelistet.<\/p>\t\t\t\t\t\t\t\t<\/div>\n\t\t\t\t<\/div>\n\t\t\t\t\t<\/div>\n\t\t<\/div>\n\t\t\t\t<div class=\"elementor-column elementor-col-50 elementor-top-column elementor-element elementor-element-462befa\" data-id=\"462befa\" data-element_type=\"column\" data-e-type=\"column\">\n\t\t\t<div class=\"elementor-widget-wrap elementor-element-populated\">\n\t\t\t\t\t\t<div class=\"elementor-element elementor-element-859d617 elementor-widget elementor-widget-text-editor\" data-id=\"859d617\" data-element_type=\"widget\" data-e-type=\"widget\" data-widget_type=\"text-editor.default\">\n\t\t\t\t<div class=\"elementor-widget-container\">\n\t\t\t\t\t\t\t\t\t<h2><span style=\"font-size: 45px; letter-spacing: 0px;\">Muskelschmerzen nach \u00dcberanstrengung<\/span><\/h2><p><span style=\"font-weight: 400;\">Die h\u00e4ufigste bzw. die bekannteste Ursache f\u00fcr Muskelschmerzen ist der gef\u00fcrchtete Muskelkater nach einer sportlichen Anstrengung. Haben Sie seit Jahren kein Tennis gespielt und hat Sie gestern der Ehrgeiz gepackt, bekommen Sie heute von Ihren Oberschenkeln und Armen die Antwort auf Ihr Match. Auch eine spontane Radtour oder eine exzessive Bergwanderung kann Muskelkater verursachen.\u00a0<\/span><\/p><h2>Muskelschmerzen durch Verspannungen<\/h2><p><span style=\"font-weight: 400;\">Sitzen Sie stundenlang am Schreibtisch, in einer angespannten K\u00f6rperhaltung? Oft h\u00f6ren wir, dass T\u00e4tigkeiten am Computer zu Verspannungen des Halses, der Schulterpartie und des R\u00fcckens f\u00fchren, vor allem, wenn die B\u00fcrom\u00f6bel nicht ergonomisch geformt sind oder nicht zum Benutzer passen. Dazu kommt in vielen F\u00e4llen Stress. Bei Stress verkrampfen sich Hals-, Nacken und oft auch Gesichtsmuskeln. Als Dank f\u00fcr Ihre Arbeitswut reagiert Ihr K\u00f6rper am n\u00e4chsten Tag mit Muskelschmerzen.<\/span><\/p><p dir=\"ltr\" style=\"line-height: 1.3800000000000001; margin-top: 0pt; margin-bottom: 0pt;\">\u00a0<\/p>\t\t\t\t\t\t\t\t<\/div>\n\t\t\t\t<\/div>\n\t\t\t\t\t<\/div>\n\t\t<\/div>\n\t\t\t\t\t<\/div>\n\t\t<\/section>\n\t\t\t\t<section class=\"elementor-section elementor-top-section elementor-element elementor-element-447c332 elementor-section-boxed elementor-section-height-default elementor-section-height-default qodef-elementor-content-no\" data-id=\"447c332\" data-element_type=\"section\" data-e-type=\"section\">\n\t\t\t\t\t\t<div class=\"elementor-container elementor-column-gap-default\">\n\t\t\t\t\t<div class=\"elementor-column elementor-col-50 elementor-top-column elementor-element elementor-element-bb5cf72\" data-id=\"bb5cf72\" data-element_type=\"column\" data-e-type=\"column\">\n\t\t\t<div class=\"elementor-widget-wrap elementor-element-populated\">\n\t\t\t\t\t\t<div class=\"elementor-element elementor-element-96e7f0d elementor-widget elementor-widget-text-editor\" data-id=\"96e7f0d\" data-element_type=\"widget\" data-e-type=\"widget\" data-widget_type=\"text-editor.default\">\n\t\t\t\t<div class=\"elementor-widget-container\">\n\t\t\t\t\t\t\t\t\t<h2>Muskelschmerzen durch sportverletzungen<\/h2><p dir=\"ltr\" style=\"line-height: 1.3800000000000001; margin-top: 0pt; margin-bottom: 0pt;\"><span style=\"font-weight: 400;\">Bei einer verkehrten Bewegung beim Sport knicken wir leicht einmal mit dem Fu\u00dfgelenk um oder \u00fcberdehnen unseren R\u00fccken. Hier spricht man von einer B\u00e4nder- oder Muskelzerrung. Durch die pl\u00f6tzliche \u00dcberdehnung wird der Muskel zu stark beansprucht und &#8222;\u00fcbers\u00e4uert&#8220;. Es entstehen winzige Risse und Entz\u00fcndungen, die sich durch Muskelschmerzen \u00e4u\u00dfern.<\/span><\/p><h2>Ern\u00e4hrungsbedingte muskelschmerzen<\/h2><p><span style=\"font-weight: 400;\">Zu wenig Fl\u00fcssigkeitszufuhr oder einseitige Ern\u00e4hrung kann Muskelschmerzen beg\u00fcnstigen. Trinken Sie nach einem schwei\u00dftreibenden Training gen\u00fcgend Wasser oder elektrolythaltige Getr\u00e4nke, um den Salz- und Fl\u00fcssigkeitsverlust auszugleichen. Ern\u00e4hren Sie sich vollwertig und nehmen Sie bei Mangelerscheinungen (Muskelkr\u00e4mpfe) beispielsweise ein magnesiumhaltiges Nahrungserg\u00e4nzungsmittel zu sich. In den sonnenarmen Wintermonaten haben sich auch Vitamin-D-Pr\u00e4parate gegen Muskelschmerzen bew\u00e4hrt.<\/span><\/p><p>\u00a0<\/p>\t\t\t\t\t\t\t\t<\/div>\n\t\t\t\t<\/div>\n\t\t\t\t\t<\/div>\n\t\t<\/div>\n\t\t\t\t<div class=\"elementor-column elementor-col-50 elementor-top-column elementor-element elementor-element-1e9fcc6\" data-id=\"1e9fcc6\" data-element_type=\"column\" data-e-type=\"column\">\n\t\t\t<div class=\"elementor-widget-wrap elementor-element-populated\">\n\t\t\t\t\t\t<div class=\"elementor-element elementor-element-c5ef749 elementor-widget elementor-widget-text-editor\" data-id=\"c5ef749\" data-element_type=\"widget\" data-e-type=\"widget\" data-widget_type=\"text-editor.default\">\n\t\t\t\t<div class=\"elementor-widget-container\">\n\t\t\t\t\t\t\t\t\t<h1>Ist Muskelkater eine Krankheit?<\/h1><p><span style=\"font-weight: 400;\">Muskelkater und die damit verbundenen Muskelschmerzen sind keine Krankheit im klassischen Sinn, auch wenn Sie sich sterbenskrank f\u00fchlen. Muskelschmerzen k\u00f6nnen jedoch auf eine unentdeckte Krankheit hinweisen. Haben Sie neben Ihren Muskelschmerzen Fieber, Schwindelgef\u00fchle oder sogar Atemprobleme? Suchen Sie in diesen F\u00e4llen bitte Ihren Hausarzt auf, um eine m\u00f6gliche Infektion (Viren, Bakterien, Parasiten), Autoimmunerkrankung, Stoffwechselst\u00f6rung oder ein anderes Leiden zu diagnostizieren.<\/span><\/p><h2>Tipps zur Linderung von Muskelschmerzen<\/h2><p><span style=\"font-weight: 400;\">Sollten Sie Sport trotz Muskelkater treiben? Lieber nicht. Der beste Tipp ist Ruhe. G\u00f6nnen Sie Ihren Muskeln eine Ruhepause, damit sie regenerieren k\u00f6nnen. Leider m\u00fcssen wir in den meisten F\u00e4llen arbeiten oder m\u00f6chten nicht mit dem Training aussetzen. Folgende Tipps k\u00f6nnen Ihnen helfen, die Muskelschmerzen zu lindern, so dass Sie nicht von Ihrem Muskelkater auf die Reservebank gesetzt werden.<\/span><\/p>\t\t\t\t\t\t\t\t<\/div>\n\t\t\t\t<\/div>\n\t\t\t\t\t<\/div>\n\t\t<\/div>\n\t\t\t\t\t<\/div>\n\t\t<\/section>\n\t\t\t\t<section class=\"elementor-section elementor-top-section elementor-element elementor-element-459d6f0 elementor-section-boxed elementor-section-height-default elementor-section-height-default qodef-elementor-content-no\" data-id=\"459d6f0\" data-element_type=\"section\" data-e-type=\"section\">\n\t\t\t\t\t\t<div class=\"elementor-container elementor-column-gap-default\">\n\t\t\t\t\t<div class=\"elementor-column elementor-col-50 elementor-top-column elementor-element elementor-element-74c045e\" data-id=\"74c045e\" data-element_type=\"column\" data-e-type=\"column\">\n\t\t\t<div class=\"elementor-widget-wrap elementor-element-populated\">\n\t\t\t\t\t\t<div class=\"elementor-element elementor-element-6c4e78b elementor-widget elementor-widget-text-editor\" data-id=\"6c4e78b\" data-element_type=\"widget\" data-e-type=\"widget\" data-widget_type=\"text-editor.default\">\n\t\t\t\t<div class=\"elementor-widget-container\">\n\t\t\t\t\t\t\t\t\t<h1>Tipps zur Linderung von Muskelschmerzen<\/h1><p><span>Sollten Sie Sport trotz Muskelkater treiben? Lieber nicht. Der beste Tipp ist Ruhe. G\u00f6nnen Sie Ihren Muskeln eine Ruhepause, damit sie regenerieren k\u00f6nnen. Leider m\u00fcssen wir in den meisten F\u00e4llen arbeiten oder m\u00f6chten nicht mit dem Training aussetzen. Folgende Tipps k\u00f6nnen Ihnen helfen, die Muskelschmerzen zu lindern, so dass Sie nicht von Ihrem Muskelkater auf die Reservebank gesetzt werden.<\/span><\/p><p><b>W\u00e4rme<\/b><\/p><p><span style=\"font-weight: 400;\">Nehmen Sie ein hei\u00dfes Bad und f\u00fcgen Sie \u00e4therische \u00d6le (z. B. Olbas oder JHP) zu. Die Wirkstoffe sorgen f\u00fcr Entspannung der schmerzenden Muskeln und haben den angenehmen Nebeneffekt, dass sich auch Ihre Atemwege wie befreit anf\u00fchlen. Auch W\u00e4rmepackungen oder eine w\u00e4rmende Salbe helfen gegen Muskelschmerzen.<\/span><\/p><p><b>Massage<\/b><\/p><p>Eine sanfte Massage kann Muskelschmerzen lindern. Reiben Sie die schmerzenden Muskeln mit einem Massagegel ein und massieren oder kneten Sie Ihre Muskeln vorsichtig.<br \/><b>Medikamente<\/b><\/p><p><span style=\"font-weight: 400;\">K\u00f6nnen Sie die Muskelschmerzen nicht aushalten, verschreibt Ihnen Ihr Hausarzt m\u00f6glicherweise schmerzstillende Medikamente. Zur schnellen Schmerzlinderung ist dies eine praktische L\u00f6sung. Verfallen Sie aber nicht dem Verlangen, den Sport sofort wieder aufzunehmen. Sport mit Muskelkater kann Ihre \u201ckranken\u201d Muskeln sch\u00e4digen. Seien Sie auch bei Schmerzfreiheit vorsichtig, schonen Sie Ihre \u00fcberlasteten Muskeln und machen Sie beispielsweise einen leichten Spaziergang, um zumindest in Bewegung zu bleiben.<\/span><\/p><p dir=\"ltr\" style=\"line-height: 1.3800000000000001; margin-top: 0pt; margin-bottom: 0pt;\">\u00a0<\/p>\t\t\t\t\t\t\t\t<\/div>\n\t\t\t\t<\/div>\n\t\t\t\t\t<\/div>\n\t\t<\/div>\n\t\t\t\t<div class=\"elementor-column elementor-col-50 elementor-top-column elementor-element elementor-element-40a008b\" data-id=\"40a008b\" data-element_type=\"column\" data-e-type=\"column\">\n\t\t\t<div class=\"elementor-widget-wrap elementor-element-populated\">\n\t\t\t\t\t\t<div class=\"elementor-element elementor-element-923c8f7 elementor-widget elementor-widget-text-editor\" data-id=\"923c8f7\" data-element_type=\"widget\" data-e-type=\"widget\" data-widget_type=\"text-editor.default\">\n\t\t\t\t<div class=\"elementor-widget-container\">\n\t\t\t\t\t\t\t\t\t<h1>Behandlung chronischer Muskelschmerzen<\/h1><p><span style=\"font-weight: 400;\">Leiden Sie unter chronischen Muskelschmerzen, ist ein hei\u00dfes Bad keine dauerhafte L\u00f6sung. \u00dcberlegen Sie stattdessen eine Physiobehandlung, die gew\u00f6hnlich von der Krankenkasse bezahlt wird. Auch Akupunktur und Akupressur haben bei Muskelschmerzen schon gute Ergebnisse geliefert. Viele Orthop\u00e4den verf\u00fcgen \u00fcber ein Massageger\u00e4t mit Saugn\u00e4pfen, die auf die schmerzenden K\u00f6rperpartien aufgesetzt werden und Stromsignale aussenden. Nach einigen Behandlungen sp\u00fcren Sie, wie die Muskelschmerzen weniger werden und in vielen F\u00e4llen sogar vollst\u00e4ndig verschwinden. Auch autogenes Training und Yoga k\u00f6nnen helfen, Muskelschmerzen zu lindern oder gar vorzubeugen.\u00a0<\/span><\/p><h1>Der beste Tipp: Muskelschmerzen vermeiden<\/h1><p><span style=\"font-weight: 400;\">Neben den genannten Tipps gegen Muskelschmerzen k\u00f6nnen Sie durch eine gesunde Lebensweise mit ausgewogener Ern\u00e4hrung, ausreichend Bewegung und entspannendem Nachtschlaf Ihrem K\u00f6rper Gutes tun und Muskelverspannungen, Muskelkater und Muskelschmerzen vermeiden. Lernen Sie Ihren K\u00f6rper kennen! Haben Sie beispielsweise einen empfindlichen Hals, vermeiden Sie konsequent Zugluft. Versuchen Sie, am Computer, am Flie\u00dfband oder bei anderen T\u00e4tigkeiten eine gesunde K\u00f6rperhaltung einzunehmen. Leben Sie bewusst und denken Sie immer zuerst an Ihre Gesundheit!\u00a0<\/span><\/p>\t\t\t\t\t\t\t\t<\/div>\n\t\t\t\t<\/div>\n\t\t\t\t\t<\/div>\n\t\t<\/div>\n\t\t\t\t\t<\/div>\n\t\t<\/section>\n\t\t\t\t<\/div>\n\t\t","protected":false},"excerpt":{"rendered":"<p>Nutricion.pro Infrarood lamp goed voor spieren Wist jij dat een infrarood lamp goed voor de spieren is? Daarnaast heeft het rode licht nog meer belangrijke functies. In dit artikel leggen we uit wat infrarood licht is en waarom Lees meer Nutricion.pro Supplementen tegen spierpijn Helpen supplementen tegen spierpijn? Dat is een vraag die veel mensen [&hellip;]<\/p>\n","protected":false},"author":1,"featured_media":0,"parent":0,"menu_order":0,"comment_status":"closed","ping_status":"closed","template":"","meta":{"footnotes":""},"class_list":["post-8367","page","type-page","status-publish","hentry"],"_links":{"self":[{"href":"https:\/\/nutricion.pro\/de\/wp-json\/wp\/v2\/pages\/8367","targetHints":{"allow":["GET"]}}],"collection":[{"href":"https:\/\/nutricion.pro\/de\/wp-json\/wp\/v2\/pages"}],"about":[{"href":"https:\/\/nutricion.pro\/de\/wp-json\/wp\/v2\/types\/page"}],"author":[{"embeddable":true,"href":"https:\/\/nutricion.pro\/de\/wp-json\/wp\/v2\/users\/1"}],"replies":[{"embeddable":true,"href":"https:\/\/nutricion.pro\/de\/wp-json\/wp\/v2\/comments?post=8367"}],"version-history":[{"count":39,"href":"https:\/\/nutricion.pro\/de\/wp-json\/wp\/v2\/pages\/8367\/revisions"}],"predecessor-version":[{"id":8414,"href":"https:\/\/nutricion.pro\/de\/wp-json\/wp\/v2\/pages\/8367\/revisions\/8414"}],"wp:attachment":[{"href":"https:\/\/nutricion.pro\/de\/wp-json\/wp\/v2\/media?parent=8367"}],"curies":[{"name":"wp","href":"https:\/\/api.w.org\/{rel}","templated":true}]}}