{"id":8416,"date":"2023-06-23T13:53:20","date_gmt":"2023-06-23T13:53:20","guid":{"rendered":"https:\/\/nutricion.pro\/?page_id=8416"},"modified":"2023-06-23T13:55:19","modified_gmt":"2023-06-23T13:55:19","slug":"immunitaet","status":"publish","type":"page","link":"https:\/\/nutricion.pro\/de\/immunitaet\/","title":{"rendered":"Immunit\u00e4t"},"content":{"rendered":"\t\t<div data-elementor-type=\"wp-page\" data-elementor-id=\"8416\" class=\"elementor elementor-8416\" data-elementor-post-type=\"page\">\n\t\t\t\t\t\t<section class=\"elementor-section elementor-top-section elementor-element elementor-element-9078d35 elementor-section-boxed elementor-section-height-default elementor-section-height-default qodef-elementor-content-no\" data-id=\"9078d35\" data-element_type=\"section\" data-e-type=\"section\">\n\t\t\t\t\t\t<div class=\"elementor-container elementor-column-gap-default\">\n\t\t\t\t\t<div class=\"elementor-column elementor-col-100 elementor-top-column elementor-element elementor-element-db61062\" data-id=\"db61062\" data-element_type=\"column\" data-e-type=\"column\">\n\t\t\t<div class=\"elementor-widget-wrap elementor-element-populated\">\n\t\t\t\t\t\t<div class=\"elementor-element elementor-element-9b7caec elementor-widget elementor-widget-qi_addons_for_elementor_blog_list\" data-id=\"9b7caec\" data-element_type=\"widget\" data-e-type=\"widget\" data-widget_type=\"qi_addons_for_elementor_blog_list.default\">\n\t\t\t\t<div class=\"elementor-widget-container\">\n\t\t\t\t\t<div class=\"qodef-shortcode qodef-m qodef-addons-blog-list qodef-info-no-icons qodef-image--hover-zoom qodef-qi-grid qodef-layout--qi-columns qodef-col-num--4 qodef-item-layout--date-boxed qodef-responsive--custom qodef-col-num--1680--3 qodef-col-num--1440--4 qodef-col-num--1366--4 qodef-col-num--1024--2 qodef-col-num--768--2 qodef-col-num--680--1 qodef-col-num--480--1\" >\n\t<div class=\"qodef-grid-inner\">\n\t\t<article class=\"qodef-e qodef-blog-item qodef-grid-item qodef-item--medium post-9649 post type-post status-publish format-standard has-post-thumbnail hentry category-gezondheid-de category-immunitaet tag-bloeddruk-de tag-l-arginine-de\">\n\t<div class=\"qodef-e-inner\">\n\t\t<div class=\"qodef-e-media-holder\">\n\t\t\t<div class=\"qodef-e-media\">\n\t\t<div class=\"qodef-e-media-image\">\n\t\t<a itemprop=\"url\" href=\"https:\/\/nutricion.pro\/de\/overactief-immuunsysteem-kalmeren\/\">\n\t\t\t<img fetchpriority=\"high\" decoding=\"async\" width=\"300\" height=\"200\" src=\"https:\/\/nutricion.pro\/wp-content\/uploads\/2023\/05\/doctor-writing-on-clipboard-during-home-visit-2021-08-26-19-52-46-utc-min-300x200.jpg\" class=\"attachment-medium size-medium\" alt=\"\" srcset=\"https:\/\/nutricion.pro\/wp-content\/uploads\/2023\/05\/doctor-writing-on-clipboard-during-home-visit-2021-08-26-19-52-46-utc-min-300x200.jpg 300w, https:\/\/nutricion.pro\/wp-content\/uploads\/2023\/05\/doctor-writing-on-clipboard-during-home-visit-2021-08-26-19-52-46-utc-min-1024x683.jpg 1024w, https:\/\/nutricion.pro\/wp-content\/uploads\/2023\/05\/doctor-writing-on-clipboard-during-home-visit-2021-08-26-19-52-46-utc-min-768x513.jpg 768w, https:\/\/nutricion.pro\/wp-content\/uploads\/2023\/05\/doctor-writing-on-clipboard-during-home-visit-2021-08-26-19-52-46-utc-min-1536x1025.jpg 1536w, https:\/\/nutricion.pro\/wp-content\/uploads\/2023\/05\/doctor-writing-on-clipboard-during-home-visit-2021-08-26-19-52-46-utc-min-2048x1367.jpg 2048w\" sizes=\"(max-width: 300px) 100vw, 300px\" \/>\t\t<\/a>\n\t\t\t<\/div>\n<\/div>\n\t\t<\/div>\n\t\t<div class=\"qodef-e-content\">\n\t\t\t\t\t\t\t<div class=\"qodef-e-info qodef-info--top\">\n\t\t\t\t\t<div class=\"qodef-e-info-item qodef-e-info-author\">\n\t<a itemprop=\"author\" class=\"qodef-e-info-author-link\" href=\"https:\/\/nutricion.pro\/de\/author\/beheer_o3r17oyp\/\">\n\t\t\t\tNutricion.pro\t<\/a>\n<\/div>\n\t\t\t\t<\/div>\n\t\t\t\t\t\t<div class=\"qodef-e-text\">\n\t\t\t\t<h6 itemprop=\"name\" class=\"qodef-e-title entry-title\">\n\t<a itemprop=\"url\" class=\"qodef-e-title-link\" href=\"https:\/\/nutricion.pro\/de\/overactief-immuunsysteem-kalmeren\/\">\n\t\tOveractief immuunsysteem kalmeren\t<\/a>\n<\/h6>\n\t\t<p itemprop=\"description\" class=\"qodef-e-excerpt\">\n\t\t\tHeb jij last van een overactief immuunsysteem? Dan zal je moeten trachten dit te kalmeren. Een goede weerstand is voor ieder mens onmisbaar. Bij overactiviteit is het belangrijk da\t\t<\/p>\n\t\t\t\t<\/div>\n\t\t\t\t\t\t\t<div class=\"qodef-e-info qodef-info--bottom\">\n\t\t\t\t\t\t<div class=\"qodef-e-read-more\">\n\t\t<a class=\"qodef-shortcode qodef-m qodef-qi-button qodef-html--link qodef-layout--outlined qodef-type--standard qodef-icon--right qodef-hover--icon-move-horizontal-short\" href=\"https:\/\/nutricion.pro\/de\/overactief-immuunsysteem-kalmeren\/\" target=\"_self\">\t<span class=\"qodef-m-text\">Lees meer<\/span>\t<\/a>\t<\/div>\n\t\t\t\t<\/div>\n\t\t\t\t\t<\/div>\n\t<\/div>\n<\/article>\n\t<\/div>\n\t<\/div>\n\t\t\t\t<\/div>\n\t\t\t\t<\/div>\n\t\t\t\t\t<\/div>\n\t\t<\/div>\n\t\t\t\t\t<\/div>\n\t\t<\/section>\n\t\t\t\t<section class=\"elementor-section elementor-top-section elementor-element elementor-element-93e6642 elementor-section-boxed elementor-section-height-default elementor-section-height-default qodef-elementor-content-no\" data-id=\"93e6642\" data-element_type=\"section\" data-e-type=\"section\">\n\t\t\t\t\t\t<div class=\"elementor-container elementor-column-gap-default\">\n\t\t\t\t\t<div class=\"elementor-column elementor-col-50 elementor-top-column elementor-element elementor-element-f89f308\" data-id=\"f89f308\" data-element_type=\"column\" data-e-type=\"column\">\n\t\t\t<div class=\"elementor-widget-wrap elementor-element-populated\">\n\t\t\t\t\t\t<div class=\"elementor-element elementor-element-0546df7 elementor-widget elementor-widget-text-editor\" data-id=\"0546df7\" data-element_type=\"widget\" data-e-type=\"widget\" data-widget_type=\"text-editor.default\">\n\t\t\t\t<div class=\"elementor-widget-container\">\n\t\t\t\t\t\t\t\t\t<h2>So funktioniert Immunit\u00e4t<\/h2><p><span style=\"font-weight: 400;\">Jeden Tag sind wir unz\u00e4hligen Bakterien, Viren und Keimen ausgesetzt. Manche greifen unseren K\u00f6rper an, gegen andere sind wir immun. Haben Sie im Kindesalter die typischen Kinderkrankheiten wie Masern, Mumps, R\u00f6teln oder Windpocken durchgemacht, haben Sie eine lebenslange Immunit\u00e4t gegen die Erreger dieser Krankheiten. Lesen Sie, wie unser Immunsystem funktioniert und wie Sie es st\u00e4rken k\u00f6nnen.<\/span><\/p><h2>Wie definiere ich Immunit\u00e4t?<\/h2><p><span style=\"font-weight: 400;\">Immunit\u00e4t Definition: \u201cImmunit\u00e4t ist die Unempf\u00e4nglichkeit des Organismus gegen\u00fcber bestimmten Infektionskrankheiten. Immunit\u00e4t kann angeboren oder durch Kontakt mit Pathogenen erworben sein.\u201d Letzteres bedeutet, dass wir nach dem erfolgreichen \u00dcberstehen bestimmter Krankheiten diese nicht erneut bekommen k\u00f6nnen. Gute Beispiele sind die oben erw\u00e4hnten Kinderkrankheiten. Der K\u00f6rper baut Abwehrstoffe auf und bildet eine lebenslange, nat\u00fcrliche Immunit\u00e4t.\u00a0<\/span><\/p><h2>Wie funktioniert das Immunsystem?<\/h2><p><span style=\"font-weight: 400;\">Das Immunsystem besteht aus drei Bereichen: angeborene Abwehr, anatomische Barrieren (z. B. Haut, Schleimh\u00e4ute und Flimmerh\u00e4rchen) sowie (durch eine Krankheit oder Impfung) erworbene Abwehr.\u00a0<\/span><span style=\"font-family: 'DM Sans'; font-size: 45px; letter-spacing: 0px;\">\u00a0<\/span><\/p><p><span style=\"font-weight: 400;\">Zum Immunsystem geh\u00f6ren Organe und Zellen. In diesen werden Antik\u00f6rper und Abwehrzellen gebildet. Zu den Organen geh\u00f6ren Mandeln, Milz, Lymphgef\u00e4\u00dfe, die Schleimh\u00e4ute der Nase, des Rachens und des Darms und das Knochenmark. Zu den Zellen geh\u00f6ren die wei\u00dfen Blutk\u00f6rperchen, genannt Leukozyten. Diese haben die Aufgabe, den K\u00f6rper vor Infektionserregern und anderen Schadstoffen zu sch\u00fctzen.\u00a0<\/span><span style=\"font-family: 'DM Sans'; font-size: 45px; letter-spacing: 0px;\">\u00a0<\/span><\/p><p><span style=\"font-weight: 400;\">Lymphozyten bilden die Grundlage f\u00fcr das Immunged\u00e4chtnis. Diese Zellen sorgen bei einer erworbenen Abwehr daf\u00fcr, dass der K\u00f6rper k\u00fcnftig gesch\u00fctzt ist. Auch die T-Zellen (T-Lymphozyten) erkennen k\u00f6rperfremde Strukturen, wenn diese auf einer k\u00f6rpereigenen Zelle landen. T-Zellen haben ihren Namen, weil sie im Thymus (Organ im Brustkorb) ausreifen.\u00a0\u00a0\u00a0<\/span><\/p>\t\t\t\t\t\t\t\t<\/div>\n\t\t\t\t<\/div>\n\t\t\t\t\t<\/div>\n\t\t<\/div>\n\t\t\t\t<div class=\"elementor-column elementor-col-50 elementor-top-column elementor-element elementor-element-462befa\" data-id=\"462befa\" data-element_type=\"column\" data-e-type=\"column\">\n\t\t\t<div class=\"elementor-widget-wrap elementor-element-populated\">\n\t\t\t\t\t\t<div class=\"elementor-element elementor-element-859d617 elementor-widget elementor-widget-text-editor\" data-id=\"859d617\" data-element_type=\"widget\" data-e-type=\"widget\" data-widget_type=\"text-editor.default\">\n\t\t\t\t<div class=\"elementor-widget-container\">\n\t\t\t\t\t\t\t\t\t<h2>Hat jeder Mensch ein Immunsystem?<\/h2><p><span style=\"font-weight: 400;\">Ja, jeder Mensch hat ein Immunsystem. Ob es gut oder schlecht funktioniert, h\u00e4ngt von verschiedenen Faktoren ab. Mangelern\u00e4hrung und Krankheiten k\u00f6nnen das Immunsystem schw\u00e4chen, so dass der K\u00f6rper anf\u00e4lliger f\u00fcr Erreger ist. Bei einem schwachen oder defekten Immunsystem k\u00f6nnen bereits die t\u00e4glich pr\u00e4senten Keime, Pollen oder Hausstaub ernsthafte Krankheiten, meistens der Atemwege, hervorrufen.<\/span><\/p><p><span style=\"font-weight: 400;\">Das Immunsystem muss sich entwickeln. Das Immunsystem eines neugeborenen Babys beispielsweise ist noch nicht ausgereift. Daher ist es wichtig, das Kleine von Beginn an vollwertig zu ern\u00e4hren (Muttermilch!) und in einer gesunden Umgebung (viel frische Luft und nat\u00fcrliches Licht) aufwachsen zu lassen. Im Laufe der ersten Monate, in denen der kleine Mensch mit den allt\u00e4glichen Umweltstoffen in Ber\u00fchrung kommt, \u201clernt\u201d das Immunsystem, sich gegen die allt\u00e4glichen Fremdstoffe zur Wehr zu setzen. Erinnern Sie sich an Ihre Kindheit, als die \u201cSchmuddelkinder\u201d die ges\u00fcndesten waren? Ist unsere Umgebung zu hygienisch oder gar steril, lernt das Immunsystem keine Keime kennen und ist im Ernstfall nicht vorbereitet.\u00a0<\/span><\/p><h2>Was zerst\u00f6rt das Immunsystem?<\/h2><p><span style=\"font-weight: 400;\">Autoimmunerkrankungen wie multiple Sklerose, rheumatoide Arthritis, Morbus Crohn oder Diabetes Typ 1 greifen das Immunsystem an und zerst\u00f6ren es in vielen F\u00e4llen vollst\u00e4ndig. Auch Nieren- und Darmerkrankungen sowie eine HIV-Infektion k\u00f6nnen das Immunsystem sch\u00e4digen. Im Alter nimmt die Widerstandskraft des K\u00f6rpers ab und das Immunsystem wird schw\u00e4cher. Daher infizieren sich \u00e4ltere Menschen h\u00e4ufiger als Kinder und Jugendliche.<\/span><\/p><h2>Wie kann ich mein Immunsystem st\u00e4rken?<\/h2><p><span style=\"font-weight: 400;\">Ein gesunder Lebensstil mit ausgewogener Ern\u00e4hrung, ausreichend Bewegung, frischer Luft und gen\u00fcgend Schlaf sorgt f\u00fcr ein starkes Immunsystem. Nehmen Sie die Vitamine A, C und E sowie Eisen und Zink in ausreichender Menge zu sich. Frisches Obst und Gem\u00fcse sowie Fleisch, Fisch- und Milchprodukte liefern die n\u00f6tigen N\u00e4hrstoffe und Vitamine und geh\u00f6ren zu einer vollwertigen Ern\u00e4hrung. Gehen Sie t\u00e4glich an die frische Luft und g\u00f6nnen Sie K\u00f6rper und Geist einen erholsamen Nachtschlaf.<\/span><\/p><p><span style=\"font-weight: 400;\">Ist der K\u00f6rper durch Mangelern\u00e4hrung oder eine unterschwellige Krankheit geschw\u00e4cht, reichen oft kleinste Verletzungen der Haut oder ein niesender Partner f\u00fcr eine Infektion aus. Auch Medikamente, besonders Antibiotika, \u00fcber einen langen Zeitraum oder wiederholt eingenommen, k\u00f6nnen das Immunsystem schw\u00e4chen oder gar zerst\u00f6ren. Achten Sie auf Ihren K\u00f6rper, Ihre Gesundheit ist Ihr wertvollstes Gut!\u00a0\u00a0<\/span><\/p>\t\t\t\t\t\t\t\t<\/div>\n\t\t\t\t<\/div>\n\t\t\t\t\t<\/div>\n\t\t<\/div>\n\t\t\t\t\t<\/div>\n\t\t<\/section>\n\t\t\t\t<\/div>\n\t\t","protected":false},"excerpt":{"rendered":"<p>No posts were found for provided query parameters. So funktioniert Immunit\u00e4t Jeden Tag sind wir unz\u00e4hligen Bakterien, Viren und Keimen ausgesetzt. Manche greifen unseren K\u00f6rper an, gegen andere sind wir immun. Haben Sie im Kindesalter die typischen Kinderkrankheiten wie Masern, Mumps, R\u00f6teln oder Windpocken durchgemacht, haben Sie eine lebenslange Immunit\u00e4t gegen die Erreger dieser Krankheiten. [&hellip;]<\/p>\n","protected":false},"author":1,"featured_media":0,"parent":0,"menu_order":0,"comment_status":"closed","ping_status":"closed","template":"","meta":{"footnotes":""},"class_list":["post-8416","page","type-page","status-publish","hentry"],"_links":{"self":[{"href":"https:\/\/nutricion.pro\/de\/wp-json\/wp\/v2\/pages\/8416","targetHints":{"allow":["GET"]}}],"collection":[{"href":"https:\/\/nutricion.pro\/de\/wp-json\/wp\/v2\/pages"}],"about":[{"href":"https:\/\/nutricion.pro\/de\/wp-json\/wp\/v2\/types\/page"}],"author":[{"embeddable":true,"href":"https:\/\/nutricion.pro\/de\/wp-json\/wp\/v2\/users\/1"}],"replies":[{"embeddable":true,"href":"https:\/\/nutricion.pro\/de\/wp-json\/wp\/v2\/comments?post=8416"}],"version-history":[{"count":5,"href":"https:\/\/nutricion.pro\/de\/wp-json\/wp\/v2\/pages\/8416\/revisions"}],"predecessor-version":[{"id":8421,"href":"https:\/\/nutricion.pro\/de\/wp-json\/wp\/v2\/pages\/8416\/revisions\/8421"}],"wp:attachment":[{"href":"https:\/\/nutricion.pro\/de\/wp-json\/wp\/v2\/media?parent=8416"}],"curies":[{"name":"wp","href":"https:\/\/api.w.org\/{rel}","templated":true}]}}