{"id":8422,"date":"2023-06-23T14:10:00","date_gmt":"2023-06-23T14:10:00","guid":{"rendered":"https:\/\/nutricion.pro\/?page_id=8422"},"modified":"2023-06-23T14:13:44","modified_gmt":"2023-06-23T14:13:44","slug":"erektile-dysfunktion","status":"publish","type":"page","link":"https:\/\/nutricion.pro\/de\/erektile-dysfunktion\/","title":{"rendered":"Erektile Dysfunktion"},"content":{"rendered":"\t\t<div data-elementor-type=\"wp-page\" data-elementor-id=\"8422\" class=\"elementor elementor-8422\" data-elementor-post-type=\"page\">\n\t\t\t\t\t\t<section class=\"elementor-section elementor-top-section elementor-element elementor-element-9078d35 elementor-section-boxed elementor-section-height-default elementor-section-height-default qodef-elementor-content-no\" data-id=\"9078d35\" data-element_type=\"section\" data-e-type=\"section\">\n\t\t\t\t\t\t<div class=\"elementor-container elementor-column-gap-default\">\n\t\t\t\t\t<div class=\"elementor-column elementor-col-100 elementor-top-column elementor-element elementor-element-db61062\" data-id=\"db61062\" data-element_type=\"column\" data-e-type=\"column\">\n\t\t\t<div class=\"elementor-widget-wrap elementor-element-populated\">\n\t\t\t\t\t\t<div class=\"elementor-element elementor-element-9b7caec elementor-widget elementor-widget-qi_addons_for_elementor_blog_list\" data-id=\"9b7caec\" data-element_type=\"widget\" data-e-type=\"widget\" data-widget_type=\"qi_addons_for_elementor_blog_list.default\">\n\t\t\t\t<div class=\"elementor-widget-container\">\n\t\t\t\t\t<div class=\"qodef-shortcode qodef-m qodef-addons-blog-list qodef-info-no-icons qodef-image--hover-zoom qodef-qi-grid qodef-layout--qi-columns qodef-col-num--4 qodef-item-layout--date-boxed qodef-responsive--custom qodef-col-num--1680--3 qodef-col-num--1440--4 qodef-col-num--1366--4 qodef-col-num--1024--2 qodef-col-num--768--2 qodef-col-num--680--1 qodef-col-num--480--1\" >\n\t<div class=\"qodef-grid-inner\">\n\t\t<article class=\"qodef-e qodef-blog-item qodef-grid-item qodef-item--medium post-8340 post type-post status-publish format-standard has-post-thumbnail hentry category-erektile-dysfunktion\">\n\t<div class=\"qodef-e-inner\">\n\t\t<div class=\"qodef-e-media-holder\">\n\t\t\t<div class=\"qodef-e-media\">\n\t\t<div class=\"qodef-e-media-image\">\n\t\t<a itemprop=\"url\" href=\"https:\/\/nutricion.pro\/de\/hilfe-bei-erektiler-dysfunktion\/\">\n\t\t\t<img fetchpriority=\"high\" decoding=\"async\" width=\"300\" height=\"200\" src=\"https:\/\/nutricion.pro\/wp-content\/uploads\/2022\/09\/portrait-of-couple-having-problems-and-crisis-div-2022-01-11-18-44-11-utc-300x200.jpg\" class=\"attachment-medium size-medium\" alt=\"Picture of couple having problems and crisis. Divorce separation erectile dysfunction concept\" srcset=\"https:\/\/nutricion.pro\/wp-content\/uploads\/2022\/09\/portrait-of-couple-having-problems-and-crisis-div-2022-01-11-18-44-11-utc-300x200.jpg 300w, https:\/\/nutricion.pro\/wp-content\/uploads\/2022\/09\/portrait-of-couple-having-problems-and-crisis-div-2022-01-11-18-44-11-utc-1024x683.jpg 1024w, https:\/\/nutricion.pro\/wp-content\/uploads\/2022\/09\/portrait-of-couple-having-problems-and-crisis-div-2022-01-11-18-44-11-utc-768x512.jpg 768w, https:\/\/nutricion.pro\/wp-content\/uploads\/2022\/09\/portrait-of-couple-having-problems-and-crisis-div-2022-01-11-18-44-11-utc-1536x1024.jpg 1536w, https:\/\/nutricion.pro\/wp-content\/uploads\/2022\/09\/portrait-of-couple-having-problems-and-crisis-div-2022-01-11-18-44-11-utc-2048x1365.jpg 2048w\" sizes=\"(max-width: 300px) 100vw, 300px\" \/>\t\t<\/a>\n\t\t\t<\/div>\n<\/div>\n\t\t<\/div>\n\t\t<div class=\"qodef-e-content\">\n\t\t\t\t\t\t\t<div class=\"qodef-e-info qodef-info--top\">\n\t\t\t\t\t<div class=\"qodef-e-info-item qodef-e-info-author\">\n\t<a itemprop=\"author\" class=\"qodef-e-info-author-link\" href=\"https:\/\/nutricion.pro\/de\/author\/beheer_o3r17oyp\/\">\n\t\t\t\tNutricion.pro\t<\/a>\n<\/div>\n\t\t\t\t<\/div>\n\t\t\t\t\t\t<div class=\"qodef-e-text\">\n\t\t\t\t<h6 itemprop=\"name\" class=\"qodef-e-title entry-title\">\n\t<a itemprop=\"url\" class=\"qodef-e-title-link\" href=\"https:\/\/nutricion.pro\/de\/hilfe-bei-erektiler-dysfunktion\/\">\n\t\tHilfe bei erektiler Dysfunktion\t<\/a>\n<\/h6>\n\t\t<p itemprop=\"description\" class=\"qodef-e-excerpt\">\n\t\t\tErektile Dysfunktion ist ein Problem, das nicht nur \u00e4ltere M\u00e4nner betrifft. In unserer hochtechnisierten und schnelllebigen Zeit sind auch j\u00fcngere Semester immer h\u00e4ufiger von P\t\t<\/p>\n\t\t\t\t<\/div>\n\t\t\t\t\t\t\t<div class=\"qodef-e-info qodef-info--bottom\">\n\t\t\t\t\t\t<div class=\"qodef-e-read-more\">\n\t\t<a class=\"qodef-shortcode qodef-m qodef-qi-button qodef-html--link qodef-layout--outlined qodef-type--standard qodef-icon--right qodef-hover--icon-move-horizontal-short\" href=\"https:\/\/nutricion.pro\/de\/hilfe-bei-erektiler-dysfunktion\/\" target=\"_self\">\t<span class=\"qodef-m-text\">Lees meer<\/span>\t<\/a>\t<\/div>\n\t\t\t\t<\/div>\n\t\t\t\t\t<\/div>\n\t<\/div>\n<\/article>\n<article class=\"qodef-e qodef-blog-item qodef-grid-item qodef-item--medium post-8294 post type-post status-publish format-standard has-post-thumbnail hentry category-erektile-dysfunktion\">\n\t<div class=\"qodef-e-inner\">\n\t\t<div class=\"qodef-e-media-holder\">\n\t\t\t<div class=\"qodef-e-media\">\n\t\t<div class=\"qodef-e-media-image\">\n\t\t<a itemprop=\"url\" href=\"https:\/\/nutricion.pro\/de\/koerperliche-ursachen-fuer-erektile-dysfunktion\/\">\n\t\t\t<img decoding=\"async\" width=\"300\" height=\"200\" src=\"https:\/\/nutricion.pro\/wp-content\/uploads\/2022\/09\/frustrated-couple-with-serious-problems-2021-08-26-20-15-33-utc-300x200.jpg\" class=\"attachment-medium size-medium\" alt=\"Frustrated couple with serious problems\" srcset=\"https:\/\/nutricion.pro\/wp-content\/uploads\/2022\/09\/frustrated-couple-with-serious-problems-2021-08-26-20-15-33-utc-300x200.jpg 300w, https:\/\/nutricion.pro\/wp-content\/uploads\/2022\/09\/frustrated-couple-with-serious-problems-2021-08-26-20-15-33-utc-1024x683.jpg 1024w, https:\/\/nutricion.pro\/wp-content\/uploads\/2022\/09\/frustrated-couple-with-serious-problems-2021-08-26-20-15-33-utc-768x512.jpg 768w, https:\/\/nutricion.pro\/wp-content\/uploads\/2022\/09\/frustrated-couple-with-serious-problems-2021-08-26-20-15-33-utc-1536x1024.jpg 1536w, https:\/\/nutricion.pro\/wp-content\/uploads\/2022\/09\/frustrated-couple-with-serious-problems-2021-08-26-20-15-33-utc-2048x1365.jpg 2048w\" sizes=\"(max-width: 300px) 100vw, 300px\" \/>\t\t<\/a>\n\t\t\t<\/div>\n<\/div>\n\t\t<\/div>\n\t\t<div class=\"qodef-e-content\">\n\t\t\t\t\t\t\t<div class=\"qodef-e-info qodef-info--top\">\n\t\t\t\t\t<div class=\"qodef-e-info-item qodef-e-info-author\">\n\t<a itemprop=\"author\" class=\"qodef-e-info-author-link\" href=\"https:\/\/nutricion.pro\/de\/author\/beheer_o3r17oyp\/\">\n\t\t\t\tNutricion.pro\t<\/a>\n<\/div>\n\t\t\t\t<\/div>\n\t\t\t\t\t\t<div class=\"qodef-e-text\">\n\t\t\t\t<h6 itemprop=\"name\" class=\"qodef-e-title entry-title\">\n\t<a itemprop=\"url\" class=\"qodef-e-title-link\" href=\"https:\/\/nutricion.pro\/de\/koerperliche-ursachen-fuer-erektile-dysfunktion\/\">\n\t\tK\u00f6rperliche Ursachen f\u00fcr erektile Dysfunktion\t<\/a>\n<\/h6>\n\t\t<p itemprop=\"description\" class=\"qodef-e-excerpt\">\n\t\t\tK\u00f6rperliche Ursachen f\u00fcr erektile Dysfunktion Erektile Dysfunktion, auch bekannt als Erektionsst\u00f6rung und Impotenz, ist f\u00fcr M\u00e4nner eine \u00e4u\u00dferst unangenehme Erfahrung. Nicht\t\t<\/p>\n\t\t\t\t<\/div>\n\t\t\t\t\t\t\t<div class=\"qodef-e-info qodef-info--bottom\">\n\t\t\t\t\t\t<div class=\"qodef-e-read-more\">\n\t\t<a class=\"qodef-shortcode qodef-m qodef-qi-button qodef-html--link qodef-layout--outlined qodef-type--standard qodef-icon--right qodef-hover--icon-move-horizontal-short\" href=\"https:\/\/nutricion.pro\/de\/koerperliche-ursachen-fuer-erektile-dysfunktion\/\" target=\"_self\">\t<span class=\"qodef-m-text\">Lees meer<\/span>\t<\/a>\t<\/div>\n\t\t\t\t<\/div>\n\t\t\t\t\t<\/div>\n\t<\/div>\n<\/article>\n\t<\/div>\n\t<\/div>\n\t\t\t\t<\/div>\n\t\t\t\t<\/div>\n\t\t\t\t\t<\/div>\n\t\t<\/div>\n\t\t\t\t\t<\/div>\n\t\t<\/section>\n\t\t\t\t<section class=\"elementor-section elementor-top-section elementor-element elementor-element-93e6642 elementor-section-boxed elementor-section-height-default elementor-section-height-default qodef-elementor-content-no\" data-id=\"93e6642\" data-element_type=\"section\" data-e-type=\"section\">\n\t\t\t\t\t\t<div class=\"elementor-container elementor-column-gap-default\">\n\t\t\t\t\t<div class=\"elementor-column elementor-col-50 elementor-top-column elementor-element elementor-element-f89f308\" data-id=\"f89f308\" data-element_type=\"column\" data-e-type=\"column\">\n\t\t\t<div class=\"elementor-widget-wrap elementor-element-populated\">\n\t\t\t\t\t\t<div class=\"elementor-element elementor-element-0546df7 elementor-widget elementor-widget-text-editor\" data-id=\"0546df7\" data-element_type=\"widget\" data-e-type=\"widget\" data-widget_type=\"text-editor.default\">\n\t\t\t\t<div class=\"elementor-widget-container\">\n\t\t\t\t\t\t\t\t\t<h2>Erektile Dysfunktion<\/h2><p><span style=\"font-weight: 400;\">Erektile Dysfunktion ist die mangelnde Versteifungsf\u00e4higkeit des Penis bzw. die ungen\u00fcgende Dauer der Erektion. Kann ein Mann bei zwei von drei Versuchen keine Erektion bekommen und zieht sich diese Unf\u00e4higkeit \u00fcber einen l\u00e4ngeren Zeitraum, spricht man von erektiler Dysfunktion.<\/span><\/p><h2>Symptome erektiler Dysfunktion<\/h2><p><span style=\"font-weight: 400;\">Erektionsst\u00f6rungen k\u00f6nnen pl\u00f6tzlich auftreten oder sich langsam entwickeln. Unerw\u00fcnscht sind sie immer. Eine einzelne Erektionsst\u00f6rung (nach einem stressigen Arbeitstag) kann zu dauerhafter Impotenz f\u00fchren (permanente Beziehungsprobleme oder Geldsorgen), wenn die Symptome nicht richtig gedeutet und die Ursachen nicht behandelt werden.<\/span><\/p><p><span style=\"font-weight: 400;\">Die Symptome einer Erektionsst\u00f6rung sind sichtbar: Der Penis wird nicht hart. Penetration ist nicht m\u00f6glich und beide Partner sind entt\u00e4uscht. Aus der Entt\u00e4uschung kann bei Wiederholung schnell Frust und Wut entstehen, was wiederum die Beziehung belasten, wenn nicht sogar zerst\u00f6ren kann. Forschen Sie daher nach den Ursachen der erektilen Dysfunktion!<\/span><\/p><h2>Wie entsteht eine Erektion?<\/h2><p><span style=\"font-weight: 400;\">Eine Erektion ist ein komplexes Zusammenspiel zwischen Hormonen, Nerven und Blutgef\u00e4\u00dfen. Bei sexueller Erregung werden Botenstoffe (zyklisches Guanin-Monophosphat) im limbischen System freigesetzt, die \u00fcber die Nervenbahnen bis in den Penis gelangen. Im Hypothalamus wird zun\u00e4chst Stickstoffdioxid freigesetzt und im Blutkreislauf verteilt. Die zum Penis f\u00fchrenden Blutbahnen werden geweitet, so dass das Blut bis in die Schwellk\u00f6rper flie\u00dfen kann. Durch den Druck der gef\u00fcllten Schwellk\u00f6rper gegen die Au\u00dfenhaut des Penis wird dieser hart. Durch einen erigierten Penis flie\u00dft bis zu zehn Mal mehr Blut als durch einen schlaffen Penis.\u00a0\u00a0<\/span><\/p><p><span style=\"font-weight: 400;\">Voraussetzung f\u00fcr eine Erektion ist jedoch nicht immer sexuelle Erregung. F\u00fcllen sich die Schwellk\u00f6rper beispielsweise w\u00e4hrend des Schlafs, wacht der Mann mit der bekannten \u201cMorgenlatte\u201d auf, ohne erregt zu sein.\u00a0\u00a0<\/span><\/p>\t\t\t\t\t\t\t\t<\/div>\n\t\t\t\t<\/div>\n\t\t\t\t\t<\/div>\n\t\t<\/div>\n\t\t\t\t<div class=\"elementor-column elementor-col-50 elementor-top-column elementor-element elementor-element-462befa\" data-id=\"462befa\" data-element_type=\"column\" data-e-type=\"column\">\n\t\t\t<div class=\"elementor-widget-wrap elementor-element-populated\">\n\t\t\t\t\t\t<div class=\"elementor-element elementor-element-859d617 elementor-widget elementor-widget-text-editor\" data-id=\"859d617\" data-element_type=\"widget\" data-e-type=\"widget\" data-widget_type=\"text-editor.default\">\n\t\t\t\t<div class=\"elementor-widget-container\">\n\t\t\t\t\t\t\t\t\t<h2>Wie entsteht eine Erektionsst\u00f6rung?<\/h2><p><span style=\"font-weight: 400;\">Eine Erektions- oder Potenzst\u00f6rung entsteht, wenn die Schwellk\u00f6rper im Penis nicht ausreichend durchblutet werden. Der Penis kann nicht steif werden und Penetration mit Samenerguss (Ejakulation) ist nicht m\u00f6glich.<\/span><\/p><h2>Ursachen f\u00fcr eine Erektionsst\u00f6rung<\/h2><p><span style=\"font-weight: 400;\">Erektionsprobleme k\u00f6nnen physischer und psychischer Natur sein. K\u00f6rperliche Ursachen f\u00fcr Erektionsst\u00f6rungen und Impotenz sind beispielsweise:<\/span><\/p><ul><li style=\"font-weight: 400;\" aria-level=\"1\"><span style=\"font-weight: 400;\">Bluthochdruck<\/span><\/li><li style=\"font-weight: 400;\" aria-level=\"1\"><span style=\"font-weight: 400;\">Diabetes<\/span><\/li><li style=\"font-weight: 400;\" aria-level=\"1\"><span style=\"font-weight: 400;\">Ver\u00e4nderungen im Genitalbereich<\/span><\/li><li style=\"font-weight: 400;\" aria-level=\"1\"><span style=\"font-weight: 400;\">Herz- und Gef\u00e4\u00dferkrankungen<\/span><\/li><li style=\"font-weight: 400;\" aria-level=\"1\"><span style=\"font-weight: 400;\">Hormonbehandlungen<\/span><\/li><li style=\"font-weight: 400;\" aria-level=\"1\"><span style=\"font-weight: 400;\">Nebenwirkungen von Medikamenten (Antidepressiva, Neuroleptika, Betablocker)<\/span><\/li><li style=\"font-weight: 400;\" aria-level=\"1\"><span style=\"font-weight: 400;\">Adipositas (BMI &gt;30 kg\/m\u00b2)<\/span><\/li><li style=\"font-weight: 400;\" aria-level=\"1\"><span style=\"font-weight: 400;\">Ungesunder Lebensstil (Rauchen, Alkohol, Bewegungsmangel)<\/span><\/li><\/ul><p><span style=\"font-weight: 400;\">Mentale Probleme werden oftmals nicht unmittelbar mit Impotenz in Verbindung gebracht.<\/span><\/p><p><span style=\"font-weight: 400;\">Allt\u00e4gliche Probleme wie Stress und Leistungsdruck, Geldsorgen, Depressionen, Versagensangst, ungel\u00f6ste Konflikte im Beruf oder in der Beziehung sowie traumatische sexuelle Erfahrungen hemmen nicht nur das sexuelle Verlangen, sondern verhindern oftmals auch eine Erektion.\u00a0<\/span><\/p><h2>Ist Impotenz heilbar?<\/h2><p><span style=\"font-weight: 400;\">Sobald Sie die Ursache(n) f\u00fcr die erektile Dysfunktion erkannt haben, k\u00f6nnen Sie mit der Behandlung beginnen. Behandeln Sie neben k\u00f6rperlichen Ursachen auch mentale Probleme! Bei einem holistischen Ansatz besteht eine reelle Chance, Impotenz erfolgreich zu bek\u00e4mpfen.<\/span><\/p><h2>Behandlung einer erektilen Dysfunktion<\/h2><p><span style=\"font-weight: 400;\">Sprechen Sie mit Ihrem Hausarzt. Im Optimalfall besuchen Sie diesen gemeinsam. Vermuten Sie einen Zusammenhang zwischen Bluthochdruck und Impotenz, ist Ihr Hausarzt der richtige Ansprechpartner, um zun\u00e4chst Ihren hohen Blutdruck zu behandeln.\u00a0<\/span><\/p><p><span style=\"font-weight: 400;\">Potenzsteigernde Mittel schaffen oft schnelle Abhilfe, um eine Erektionsst\u00f6rung zu beheben. F\u00fcr einen One-Night-Stand werfen viele M\u00e4nner beispielsweise eine Viagra ein. F\u00fcr einen Mann ohne feste Beziehung mag dies eine praktische und schnelle Hilfe sein. Auch bei (\u00e4lteren) Paaren, die nur gelegentlich Geschlechtsverkehr haben, sind Potenzmittel eine gute Option. Wir m\u00f6chten Ihnen nachfolgend einige L\u00f6sungen vorstellen, wie Sie nicht nur die Symptome der erektilen Dysfunktion, sondern ebenfalls die Ursachen auf nat\u00fcrliche Weise bek\u00e4mpfen k\u00f6nnen.<\/span><\/p><p><i><span style=\"font-weight: 400;\">Scheuen Sie sich nicht, eine erektile Dysfunktion mit Ihrem Hausarzt zu besprechen! Wird die Erektionsst\u00f6rung fr\u00fchzeitig erkannt und behandelt, bestehen gute Chancen auf eine Heilung. Und vergessen Sie nicht: Sie sind nicht alleine mit diesem Problem!<\/span><\/i><\/p>\t\t\t\t\t\t\t\t<\/div>\n\t\t\t\t<\/div>\n\t\t\t\t\t<\/div>\n\t\t<\/div>\n\t\t\t\t\t<\/div>\n\t\t<\/section>\n\t\t\t\t<section class=\"elementor-section elementor-top-section elementor-element elementor-element-05d8bbb elementor-section-boxed elementor-section-height-default elementor-section-height-default qodef-elementor-content-no\" data-id=\"05d8bbb\" data-element_type=\"section\" data-e-type=\"section\">\n\t\t\t\t\t\t<div class=\"elementor-container elementor-column-gap-default\">\n\t\t\t\t\t<div class=\"elementor-column elementor-col-50 elementor-top-column elementor-element elementor-element-9991c55\" data-id=\"9991c55\" data-element_type=\"column\" data-e-type=\"column\">\n\t\t\t<div class=\"elementor-widget-wrap elementor-element-populated\">\n\t\t\t\t\t\t<div class=\"elementor-element elementor-element-90e38a1 elementor-widget elementor-widget-text-editor\" data-id=\"90e38a1\" data-element_type=\"widget\" data-e-type=\"widget\" data-widget_type=\"text-editor.default\">\n\t\t\t\t<div class=\"elementor-widget-container\">\n\t\t\t\t\t\t\t\t\t<h2>1. Erektionsst\u00f6rung erkennen und besprechen<\/h2><p><span style=\"font-weight: 400;\">Es ist au\u00dferordentlich wichtig, sich eine erektile Dysfunktion einzugestehen und die Krankheit beim Namen zu nennen. Kein Betroffener spricht gerne \u00fcber derlei Probleme, aber nur durch Offenheit zum Partner kann die Behandlung der Erektionsst\u00f6rung dauerhaft von Erfolg gekr\u00f6nt sein. Stellen Sie zun\u00e4chst fest, ob es sich um eine gelegentliche Erektionsst\u00f6rung handelt, die in jeder Beziehung einmal vorkommen kann, oder ob es sich um ein regelm\u00e4\u00dfig wiederkehrendes Problem handelt.<\/span><\/p><h2>2. Kein Stress beim Sex<\/h2><p><span style=\"font-weight: 400;\">Nehmen Sie sich Zeit f\u00fcr den Beischlaf. Penetration ist nicht alles. Sprechen Sie \u00fcber Ihre Vorlieben und W\u00fcnsche und entdecken Sie Alternativen, wie Sie sich befriedigen k\u00f6nnen. Experimentieren Sie, dehnen Sie das Vorspiel aus. Und wenn es schlie\u00dflich wieder einmal nicht wie gew\u00fcnscht klappt mit der Erektion: \u00dcben Sie sich in gegenseitigem Verst\u00e4ndnis, Ihre Liebe zueinander ist schon die halbe Miete.<\/span><\/p><h2>3. Gesunder Lebensstil<\/h2><p><span style=\"font-weight: 400;\">Regelm\u00e4\u00dfige k\u00f6rperliche Bet\u00e4tigung, eine ausgewogene Ern\u00e4hrung und ein harmonisches Zuhause st\u00e4rken das Immunsystem und das allgemeine Wohlbefinden. Leiden Sie unter Bluthochdruck und Impotenz, stellen Sie, nach Absprache mit Ihrem Arzt oder Ern\u00e4hrungsberater, gegebenenfalls Ihre Medikation und Ern\u00e4hrung um. Sitzen Sie den ganzen Tag im B\u00fcro, sind Sport und Bewegung an der frischen Luft der optimale Ausgleich nach der Arbeit und an den Wochenenden. Sorgen Sie f\u00fcr gen\u00fcgend Schlaf und Entspannung, um Ihren K\u00f6rper neue Energie tanken zu lassen.<\/span><\/p>\t\t\t\t\t\t\t\t<\/div>\n\t\t\t\t<\/div>\n\t\t\t\t\t<\/div>\n\t\t<\/div>\n\t\t\t\t<div class=\"elementor-column elementor-col-50 elementor-top-column elementor-element elementor-element-97eb333\" data-id=\"97eb333\" data-element_type=\"column\" data-e-type=\"column\">\n\t\t\t<div class=\"elementor-widget-wrap elementor-element-populated\">\n\t\t\t\t\t\t<div class=\"elementor-element elementor-element-c0387f8 elementor-widget elementor-widget-text-editor\" data-id=\"c0387f8\" data-element_type=\"widget\" data-e-type=\"widget\" data-widget_type=\"text-editor.default\">\n\t\t\t\t<div class=\"elementor-widget-container\">\n\t\t\t\t\t\t\t\t\t<h2>4. Positive Lebenseinstellung<\/h2><p><span style=\"font-weight: 400;\">Versuchen Sie eine positive Lebenseinstellung zu haben. Das ist nicht immer einfach, aber bestimmt die M\u00fche wert! Oft k\u00f6nnen mit einem stabilen Freundeskreis und aufmunternden Gespr\u00e4chen Depressionen und Angstzust\u00e4nde vermieden oder behoben werden, die zu Herz- und Gef\u00e4\u00dferkrankungen und schlie\u00dflich zu Impotenz f\u00fchren. Lachen Sie, wann immer es geht! Fr\u00f6hlichkeit setzt Gl\u00fcckshormone frei, die zum allgemeinen Wohlbefinden und einem gesunden Blutdruck beitragen.\u00a0<\/span><\/p><h2>5. Stimulation: Kraft der Gedanken<\/h2><p>Erregen Sie als Frau Ihren Mann und umgekehrt! Im Zustand der Erregung werden Hormone im parasympathischen Nervensystem freigesetzt, die eine Erektion ausl\u00f6sen. Zeigen Sie sich, dass Sie sich begehren und erinnern Sie sich an damals, als Sie sich kennen- und liebenlernten. Lassen Sie als Mann Ihrer Phantasie freien Lauf und erregen Sie sich mit erotischen Gedanken. Legen Sie als Frau ein stimulierendes Parf\u00fcm auf oder tragen Sie Reizw\u00e4sche. Auch Ihre gemeinsame Lieblingsmusik kann erregend wirken. Erinnern Sie sich an den Song, der bei Ihrem ersten Kuss lief? Dar\u00fcber hinaus gibt es zahlreiche Sextoys, um die sexuelle Erregung zu f\u00f6rdern.\u00a0\u00a0<\/p><h2>6. Selbstbewusstsein aufbauen<\/h2><p><span style=\"font-weight: 400;\">Nat\u00fcrlich ist es deprimierend, wenn Mann nicht kann. Schnell leidet das Selbstbewusstsein unter der erektilen Dysfunktion. Oft entsteht Impotenz auch, wenn ein gewisses Alter erreicht ist: Man(n) f\u00fchlt sich nicht mehr attraktiv genug. Zeigen Sie gegenseitigen Respekt, auch wenn Ihre Beziehung in die Jahre gekommen ist. Schlie\u00dflich lieben Sie sich nicht nur wegen der Erektion, nicht wahr? Mit einer selbstbewussten Einstellung und einer respektvollen Beziehung zueinander haben sich schon viele Erektionsst\u00f6rungen beheben lassen.<\/span><\/p><p><span style=\"font-weight: 400;\">\u00a0<\/span><\/p><p><span style=\"font-weight: 400;\">Erektile Dysfunktion ist nicht das Ende aller Dinge. In vielen F\u00e4llen sind Erektionsst\u00f6rungen behandelbar. Unsere Tipps k\u00f6nnen Ihnen helfen, die Erektionsst\u00f6rung zu beheben und zu einem erf\u00fcllten Sexualleben zu gelangen. Sprechen Sie im Zweifelsfall mit Ihrem Hausarzt; dieser kann Ihnen m\u00f6glicherweise Potenzmittel verschreiben. Auch ein Sexualtherapeut kann die Ursachen f\u00fcr erektile Dysfunktion erkennen und behandeln.<\/span><span style=\"font-weight: 400;\">\u00a0<\/span><\/p>\t\t\t\t\t\t\t\t<\/div>\n\t\t\t\t<\/div>\n\t\t\t\t\t<\/div>\n\t\t<\/div>\n\t\t\t\t\t<\/div>\n\t\t<\/section>\n\t\t\t\t<\/div>\n\t\t","protected":false},"excerpt":{"rendered":"<p>No posts were found for provided query parameters. Erektile Dysfunktion Erektile Dysfunktion ist die mangelnde Versteifungsf\u00e4higkeit des Penis bzw. die ungen\u00fcgende Dauer der Erektion. Kann ein Mann bei zwei von drei Versuchen keine Erektion bekommen und zieht sich diese Unf\u00e4higkeit \u00fcber einen l\u00e4ngeren Zeitraum, spricht man von erektiler Dysfunktion. Symptome erektiler Dysfunktion Erektionsst\u00f6rungen k\u00f6nnen pl\u00f6tzlich [&hellip;]<\/p>\n","protected":false},"author":1,"featured_media":0,"parent":0,"menu_order":0,"comment_status":"closed","ping_status":"closed","template":"","meta":{"footnotes":""},"class_list":["post-8422","page","type-page","status-publish","hentry"],"_links":{"self":[{"href":"https:\/\/nutricion.pro\/de\/wp-json\/wp\/v2\/pages\/8422","targetHints":{"allow":["GET"]}}],"collection":[{"href":"https:\/\/nutricion.pro\/de\/wp-json\/wp\/v2\/pages"}],"about":[{"href":"https:\/\/nutricion.pro\/de\/wp-json\/wp\/v2\/types\/page"}],"author":[{"embeddable":true,"href":"https:\/\/nutricion.pro\/de\/wp-json\/wp\/v2\/users\/1"}],"replies":[{"embeddable":true,"href":"https:\/\/nutricion.pro\/de\/wp-json\/wp\/v2\/comments?post=8422"}],"version-history":[{"count":13,"href":"https:\/\/nutricion.pro\/de\/wp-json\/wp\/v2\/pages\/8422\/revisions"}],"predecessor-version":[{"id":8435,"href":"https:\/\/nutricion.pro\/de\/wp-json\/wp\/v2\/pages\/8422\/revisions\/8435"}],"wp:attachment":[{"href":"https:\/\/nutricion.pro\/de\/wp-json\/wp\/v2\/media?parent=8422"}],"curies":[{"name":"wp","href":"https:\/\/api.w.org\/{rel}","templated":true}]}}