{"id":9647,"date":"2022-09-02T11:41:55","date_gmt":"2022-09-02T11:41:55","guid":{"rendered":"https:\/\/nutricion.pro\/blog\/immunitaet\/"},"modified":"2024-12-02T11:22:27","modified_gmt":"2024-12-02T11:22:27","slug":"immunitaet","status":"publish","type":"page","link":"https:\/\/nutricion.pro\/de\/blog\/immunitaet\/","title":{"rendered":"Immunit\u00e4t"},"content":{"rendered":"\t\t<div data-elementor-type=\"wp-page\" data-elementor-id=\"9647\" class=\"elementor elementor-9647 elementor-6763\" data-elementor-post-type=\"page\">\n\t\t\t\t\t\t<section class=\"elementor-section elementor-top-section elementor-element elementor-element-49fe5fa qodef-elementor-content-grid elementor-section-boxed elementor-section-height-default elementor-section-height-default\" data-id=\"49fe5fa\" data-element_type=\"section\" data-e-type=\"section\">\n\t\t\t\t\t\t\t<div class=\"elementor-background-overlay\"><\/div>\n\t\t\t\t\t\t\t<div class=\"elementor-container elementor-column-gap-default\">\n\t\t\t\t\t<div class=\"elementor-column elementor-col-100 elementor-top-column elementor-element elementor-element-c24ad0c\" data-id=\"c24ad0c\" data-element_type=\"column\" data-e-type=\"column\">\n\t\t\t<div class=\"elementor-widget-wrap elementor-element-populated\">\n\t\t\t\t\t\t<div class=\"elementor-element elementor-element-3685297 elementor-widget__width-initial elementor-widget elementor-widget-healthfirst_core_section_title\" data-id=\"3685297\" data-element_type=\"widget\" data-e-type=\"widget\" data-widget_type=\"healthfirst_core_section_title.default\">\n\t\t\t\t<div class=\"elementor-widget-container\">\n\t\t\t\t\t<div class=\"qodef-shortcode qodef-m  qodef-section-title qodef-alignment--center \">\n\t\t\t<h1 class=\"qodef-m-title\" >\n\t\t\t\t\tImmunit\u00e4t\t\t\t<\/h1>\n\t\t<\/div>\n\t\t\t\t<\/div>\n\t\t\t\t<\/div>\n\t\t\t\t<div class=\"elementor-element elementor-element-423b89d elementor-widget__width-initial elementor-widget elementor-widget-healthfirst_core_section_title\" data-id=\"423b89d\" data-element_type=\"widget\" data-e-type=\"widget\" data-widget_type=\"healthfirst_core_section_title.default\">\n\t\t\t\t<div class=\"elementor-widget-container\">\n\t\t\t\t\t<div class=\"qodef-shortcode qodef-m  qodef-section-title qodef-alignment--center \">\n\t\t\t\t\t<p class=\"qodef-m-text\" >Was ist Immunit\u00e4t? In diesem Artikel werden wir uns eingehender mit der Bedeutung von Immunit\u00e4t befassen. Das Abwehrsystem oder Immunsystem dient der Verteidigung des menschlichen K\u00f6rpers. Das System bietet Schutz vor \u00e4u\u00dferen und inneren Krankheitserregern. Alle Menschen auf dieser Welt haben ein Immunsystem. Dies wandert durch den ganzen K\u00f6rper. Es kommt im Darm, in den Atemwegen, im Blut, im Lymphsystem und in der Haut vor.<\/p>\n<\/div>\n\t\t\t\t<\/div>\n\t\t\t\t<\/div>\n\t\t\t\t\t<\/div>\n\t\t<\/div>\n\t\t\t\t\t<\/div>\n\t\t<\/section>\n\t\t\t\t<section class=\"elementor-section elementor-top-section elementor-element elementor-element-bfe1776 qodef-elementor-content-grid elementor-section-boxed elementor-section-height-default elementor-section-height-default\" data-id=\"bfe1776\" data-element_type=\"section\" data-e-type=\"section\">\n\t\t\t\t\t\t<div class=\"elementor-container elementor-column-gap-default\">\n\t\t\t\t\t<div class=\"elementor-column elementor-col-100 elementor-top-column elementor-element elementor-element-5651db0\" data-id=\"5651db0\" data-element_type=\"column\" data-e-type=\"column\">\n\t\t\t<div class=\"elementor-widget-wrap elementor-element-populated\">\n\t\t\t\t\t\t<div class=\"elementor-element elementor-element-89b6412 elementor-widget elementor-widget-healthfirst_core_blog_list\" data-id=\"89b6412\" data-element_type=\"widget\" data-e-type=\"widget\" data-widget_type=\"healthfirst_core_blog_list.default\">\n\t\t\t\t<div class=\"elementor-widget-container\">\n\t\t\t\t\t<div class=\"qodef-shortcode qodef-m  qodef-blog qodef-hide-additional-info qodef-item-layout--classic qodef-grid qodef-layout--masonry  qodef-gutter--large qodef-col-num--4 qodef-item-layout--classic qodef--no-bottom-space qodef-pagination--off qodef-responsive--custom qodef-col-num--1440--4 qodef-col-num--1366--4 qodef-col-num--1024--2 qodef-col-num--768--2 qodef-col-num--680--1 qodef-col-num--480--1\" data-options=\"{&quot;plugin&quot;:&quot;healthfirst_core&quot;,&quot;module&quot;:&quot;blog\\\/shortcodes&quot;,&quot;shortcode&quot;:&quot;blog-list&quot;,&quot;post_type&quot;:&quot;post&quot;,&quot;next_page&quot;:&quot;2&quot;,&quot;max_pages_num&quot;:1,&quot;behavior&quot;:&quot;masonry&quot;,&quot;columns&quot;:&quot;4&quot;,&quot;columns_responsive&quot;:&quot;custom&quot;,&quot;columns_1440&quot;:&quot;4&quot;,&quot;columns_1366&quot;:&quot;4&quot;,&quot;columns_1024&quot;:&quot;2&quot;,&quot;columns_768&quot;:&quot;2&quot;,&quot;columns_680&quot;:&quot;1&quot;,&quot;columns_480&quot;:&quot;1&quot;,&quot;space&quot;:&quot;large&quot;,&quot;posts_per_page&quot;:&quot;4&quot;,&quot;orderby&quot;:&quot;date&quot;,&quot;order&quot;:&quot;DESC&quot;,&quot;additional_params&quot;:&quot;tax&quot;,&quot;tax&quot;:&quot;category&quot;,&quot;tax_slug&quot;:&quot;immuniteit&quot;,&quot;layout&quot;:&quot;classic&quot;,&quot;title_tag&quot;:&quot;h6&quot;,&quot;excerpt_length&quot;:&quot;99&quot;,&quot;enable_additional_info&quot;:&quot;no&quot;,&quot;pagination_type&quot;:&quot;no-pagination&quot;,&quot;object_class_name&quot;:&quot;HealthFirstCore_Blog_List_Shortcode&quot;,&quot;taxonomy_filter&quot;:&quot;category&quot;,&quot;additional_query_args&quot;:{&quot;tax_query&quot;:[{&quot;taxonomy&quot;:&quot;category&quot;,&quot;field&quot;:&quot;slug&quot;,&quot;terms&quot;:&quot;immuniteit&quot;}]},&quot;space_value&quot;:25}\">\n\t\t<div class=\"qodef-grid-inner clear\">\n\t\t\t<div class=\"qodef-grid-masonry-sizer\"><\/div>\n\t<div class=\"qodef-grid-masonry-gutter\"><\/div>\n<article class=\"qodef-e qodef-blog-item qodef-grid-item post-9649 post type-post status-publish format-standard has-post-thumbnail hentry category-gezondheid-de category-immunitaet tag-bloeddruk-de tag-l-arginine-de\">\n\t<div class=\"qodef-e-inner\">\n\t\t<div class=\"qodef-e-media\">\n\t\t<div class=\"qodef-e-media-image\">\n\t\t<a itemprop=\"url\" href=\"https:\/\/nutricion.pro\/de\/overactief-immuunsysteem-kalmeren\/\">\n\t\t\t<img fetchpriority=\"high\" decoding=\"async\" width=\"2560\" height=\"1709\" src=\"https:\/\/nutricion.pro\/wp-content\/uploads\/2023\/05\/doctor-writing-on-clipboard-during-home-visit-2021-08-26-19-52-46-utc-min-scaled.jpg\" class=\"attachment-full size-full wp-post-image\" alt=\"\" srcset=\"https:\/\/nutricion.pro\/wp-content\/uploads\/2023\/05\/doctor-writing-on-clipboard-during-home-visit-2021-08-26-19-52-46-utc-min-scaled.jpg 2560w, https:\/\/nutricion.pro\/wp-content\/uploads\/2023\/05\/doctor-writing-on-clipboard-during-home-visit-2021-08-26-19-52-46-utc-min-300x200.jpg 300w, https:\/\/nutricion.pro\/wp-content\/uploads\/2023\/05\/doctor-writing-on-clipboard-during-home-visit-2021-08-26-19-52-46-utc-min-1024x683.jpg 1024w, https:\/\/nutricion.pro\/wp-content\/uploads\/2023\/05\/doctor-writing-on-clipboard-during-home-visit-2021-08-26-19-52-46-utc-min-768x513.jpg 768w, https:\/\/nutricion.pro\/wp-content\/uploads\/2023\/05\/doctor-writing-on-clipboard-during-home-visit-2021-08-26-19-52-46-utc-min-1536x1025.jpg 1536w, https:\/\/nutricion.pro\/wp-content\/uploads\/2023\/05\/doctor-writing-on-clipboard-during-home-visit-2021-08-26-19-52-46-utc-min-2048x1367.jpg 2048w\" sizes=\"(max-width: 2560px) 100vw, 2560px\" \/>\t\t<\/a>\n\t<\/div>\n<\/div>\n\t\t<div class=\"qodef-e-content\">\n\t\t\t<div class=\"qodef-e-info qodef-info--top\">\n\t\t\t\t<div class=\"qodef-e-info-item qodef-e-info-category\">\n\t<a href=\"https:\/\/nutricion.pro\/de\/category\/gezondheid-de\/\" rel=\"category tag\">Gezondheid<\/a> <a href=\"https:\/\/nutricion.pro\/de\/category\/immunitaet\/\" rel=\"category tag\">Immunit\u00e4t<\/a><\/div>\n\t\t\t<\/div>\n\t\t\t<div class=\"qodef-e-text\">\n\t\t\t\t<h6 itemprop=\"name\" class=\"qodef-e-title entry-title\" >\n\t<a itemprop=\"url\" class=\"qodef-e-title-link\" href=\"https:\/\/nutricion.pro\/de\/overactief-immuunsysteem-kalmeren\/\">\n\t\tOveractief immuunsysteem kalmeren\t<\/a>\n<\/h6>\n\t\t<p itemprop=\"description\" class=\"qodef-e-excerpt\">Heb jij last van een overactief immuunsysteem? Dan zal je moeten trachten dit te kalmeren. Een goed<\/p>\n\t\t\t\t<\/div>\n\t\t\t<div class=\"qodef-e-info qodef-info--bottom\">\n\t\t\t\t<div class=\"qodef-e-info-left\">\n\t\t\t\t\t\t<div class=\"qodef-e-read-more\">\n\t\t<a class=\"qodef-shortcode qodef-m  qodef-button qodef-layout--textual  qodef-size-textual--small qodef-html--link \" href=\"https:\/\/nutricion.pro\/de\/overactief-immuunsysteem-kalmeren\/\" target=\"_self\"  >\t\t<span class=\"qodef-m-text\">\t\tLearn More\t<\/span>\t<span class=\"qodef-m-zigzag\">\t\t<svg xmlns=\"http:\/\/www.w3.org\/2000\/svg\" width=\"496.46\" height=\"5.5\" viewBox=\"0 0 496.46 5.5\">\t\t\t<g>\t\t\t\t<g>\t\t\t\t\t<g>\t\t\t\t\t\t<path d=\"M1.05,4.75l5.31-4,4.65,4,4.34-4,4.34,4,5.44-4,4,4,5.16-4,5.31,4,5.1-4,4.88,4\" transform=\"translate(-0.3 0)\"\/>\t\t\t\t\t\t<path d=\"M49.57,4.75l5.32-4,4.65,4,4.34-4,4.33,4,5.44-4,4,4,5.16-4,5.3,4,5.1-4,4.89,4\" transform=\"translate(-0.3 0)\"\/>\t\t\t\t\t<\/g>\t\t\t\t\t<g>\t\t\t\t\t\t<path d=\"M98.05,4.75l5.31-4,4.65,4,4.34-4,4.34,4,5.44-4,4,4,5.16-4,5.31,4,5.1-4,4.88,4\" transform=\"translate(-0.3 0)\"\/>\t\t\t\t\t\t<path d=\"M146.57,4.75l5.32-4,4.65,4,4.34-4,4.33,4,5.44-4,4,4,5.15-4,5.31,4,5.1-4,4.88,4\" transform=\"translate(-0.3 0)\"\/>\t\t\t\t\t<\/g>\t\t\t\t\t<g>\t\t\t\t\t\t<path d=\"M195.05,4.75l5.31-4,4.65,4,4.34-4,4.34,4,5.44-4,4,4,5.16-4,5.31,4,5.1-4,4.88,4\" transform=\"translate(-0.3 0)\"\/>\t\t\t\t\t\t<path d=\"M243.57,4.75l5.32-4,4.65,4,4.34-4,4.33,4,5.44-4,4,4,5.15-4,5.31,4,5.1-4,4.89,4\" transform=\"translate(-0.3 0)\"\/>\t\t\t\t\t<\/g>\t\t\t\t\t<g>\t\t\t\t\t\t<path d=\"M292.05,4.75l5.31-4,4.65,4,4.34-4,4.34,4,5.44-4,4,4,5.16-4,5.31,4,5.1-4,4.88,4\" transform=\"translate(-0.3 0)\"\/>\t\t\t\t\t\t<path d=\"M340.57,4.75l5.32-4,4.65,4,4.34-4,4.33,4,5.44-4,4,4,5.15-4,5.31,4,5.1-4,4.89,4\" transform=\"translate(-0.3 0)\"\/>\t\t\t\t\t<\/g>\t\t\t\t\t<g>\t\t\t\t\t\t<path d=\"M389.05,4.75l5.31-4,4.65,4,4.34-4,4.34,4,5.44-4,4,4,5.16-4,5.31,4,5.1-4,4.88,4\" transform=\"translate(-0.3 0)\"\/>\t\t\t\t\t\t<path d=\"M437.57,4.75l5.32-4,4.65,4,4.34-4,4.33,4,5.44-4,4,4,5.15-4,5.31,4,5.1-4,4.89,4\" transform=\"translate(-0.3 0)\"\/>\t\t\t\t\t<\/g>\t\t\t\t<\/g>\t\t\t\t<path d=\"M486.05,4.75l5.31-4,4.65,4\" transform=\"translate(-0.3 0)\"\/>\t\t\t<\/g>\t\t<\/svg>\t<\/span><\/a>\t<\/div>\n\t\t\t\t<\/div>\n\t\t\t\t<div class=\"qodef-e-info-right\">\n\t\t\t\t\t\t<div class=\"qodef-e-info-item qodef-e-info-tags\">\n\t\t<div class=\"qodef-e-tags\">\n\t\t\t<h6 class=\"qodef-m-label\">Tags<\/h6>\n\t\t\t<div class=\"qodef-m-tags-wrapper\">\n\t\t\t\t<a href=\"https:\/\/nutricion.pro\/de\/tag\/bloeddruk-de\/\" rel=\"tag\">bloeddruk<\/a><a href=\"https:\/\/nutricion.pro\/de\/tag\/l-arginine-de\/\" rel=\"tag\">l-arginine<\/a>\t\t\t<\/div>\n\t\t<\/div>\n\t<\/div>\n<div class=\"qodef-e qodef-info--author-date\">\n\t<div class=\"qodef-m-image\">\n\t\t<a itemprop=\"url\" href=\"https:\/\/nutricion.pro\/de\/author\/beheer_o3r17oyp\/\">\n\t\t\t<img alt='' src='https:\/\/secure.gravatar.com\/avatar\/2ad3bcdb58178b09d84a093cb4f4be6c75492db839fb45c25f157c39cce80f77?s=60&#038;d=mm&#038;r=g' srcset='https:\/\/secure.gravatar.com\/avatar\/2ad3bcdb58178b09d84a093cb4f4be6c75492db839fb45c25f157c39cce80f77?s=120&#038;d=mm&#038;r=g 2x' class='avatar avatar-60 photo' height='60' width='60' \/>\t\t<\/a>\n\t<\/div>\n\t<div class=\"qodef-m-text\">\n\t\t<a itemprop=\"author\" class=\"qodef-e-info-author-link\" href=\"https:\/\/nutricion.pro\/de\/author\/beheer_o3r17oyp\/\">\n\t\t\tNutricion.pro\t\t<\/a>\n\t\t<p itemprop=\"dateCreated\" class=\"entry-date updated\">25. Mai 2023<\/p>\n\t<\/div>\n<\/div>\n\t\t\t\t<\/div>\n\t\t\t<\/div>\n\t\t<\/div>\n\t<\/div>\n<\/article>\n\t<\/div>\n\t<\/div>\n\t\t\t\t<\/div>\n\t\t\t\t<\/div>\n\t\t\t\t\t<\/div>\n\t\t<\/div>\n\t\t\t\t\t<\/div>\n\t\t<\/section>\n\t\t\t\t<section class=\"elementor-section elementor-top-section elementor-element elementor-element-5f2f859 qodef-elementor-content-grid elementor-section-boxed elementor-section-height-default elementor-section-height-default\" data-id=\"5f2f859\" data-element_type=\"section\" data-e-type=\"section\">\n\t\t\t\t\t\t<div class=\"elementor-container elementor-column-gap-default\">\n\t\t\t\t\t<div class=\"elementor-column elementor-col-50 elementor-top-column elementor-element elementor-element-1da5960\" data-id=\"1da5960\" data-element_type=\"column\" data-e-type=\"column\">\n\t\t\t<div class=\"elementor-widget-wrap elementor-element-populated\">\n\t\t\t\t\t\t<div class=\"elementor-element elementor-element-b37b277 elementor-widget elementor-widget-text-editor\" data-id=\"b37b277\" data-element_type=\"widget\" data-e-type=\"widget\" data-widget_type=\"text-editor.default\">\n\t\t\t\t<div class=\"elementor-widget-container\">\n\t\t\t\t\t\t\t\t\t<h1><span>Was ist Immunit\u00e4t?<\/span><\/h1>\r\n<p><span><\/span>Was ist Immunit\u00e4t? In diesem Artikel werden wir uns eingehender mit der Bedeutung von Immunit\u00e4t befassen. Das Abwehrsystem oder Immunsystem dient der Verteidigung des menschlichen K\u00f6rpers. Das System bietet Schutz vor \u00e4u\u00dferen und inneren Krankheitserregern. Alle Menschen auf dieser Welt haben ein Immunsystem. Dies wandert durch den ganzen K\u00f6rper. Es kommt unter anderem im Darm, in den Atemwegen, im Blut, im Lymphsystem und in der Haut vor.<\/p>\r\n<p><span>Obwohl das Immunsystem Schutz bietet, kann manchmal etwas schief gehen. Wenn es einem Feind gelingt einzudringen oder der eigene K\u00f6rper vom Immunsystem angegriffen wird, geht es schief. Die Folge ist, dass es uns krank macht. \u00c4rzte und Forscher wollen alles tun, um einen Krankheitserreger zu bek\u00e4mpfen. Ziel ist es, dass die Zellen im eigenen K\u00f6rper nicht mehr angegriffen werden.<\/span><\/p>\r\n<p><span>Immunit\u00e4t liegt vor, wenn eine Person nicht anf\u00e4llig f\u00fcr einen bestimmten Krankheitserreger oder eine bestimmte Krankheit ist. Nat\u00fcrliche Immunit\u00e4t entsteht, wenn Menschen an einer bestimmten Krankheit erkrankt sind. In einer solchen Situation kommt das Immunsystem der Person mit dem Antigen oder den Antigenen eines Krankheitserregers in Kontakt. Der K\u00f6rper produziert dann Ged\u00e4chtniszellen und Antik\u00f6rper dagegen. Denken Sie zum Beispiel an Babys, die durch das Trinken von Muttermilch Antik\u00f6rper aufnehmen. Zus\u00e4tzlich zur nat\u00fcrlichen Immunit\u00e4t gibt es einen k\u00fcnstlichen Weg, Immunit\u00e4t zu erreichen. Auch hier kann zwischen passiver und aktiver Immunisierung unterschieden werden.<\/span><\/p>\r\n<p><span><\/span><\/p>\r\n<h2><span>Schutz des menschlichen K\u00f6rpers <\/span><\/h2>\r\n<p>Das Immunsystem sch\u00fctzt den K\u00f6rper vor unerwarteten Eindringlingen. Dies k\u00f6nnen beispielsweise Viren, Parasiten und Bakterien sein. Die k\u00f6rpereigenen Zellen mit einer Anomalie werden gereinigt. Denken Sie beispielsweise an die Beseitigung von Tumorzellen. Es ist schwierig, zwischen harmlosen Substanzen und Krankheitserregern zu unterscheiden. Dies gilt auch f\u00fcr k\u00f6rpereigene Zellen, die sich von einer normalen Zelle unterscheiden. Immunzellen m\u00fcssen entscheiden, ob sie angreifen oder akzeptieren. Dann ist es wichtig, eine gute Balance zu finden.<\/p>\r\n<p><span><\/span><\/p>\r\n<h3><span>Eindringlinge <\/span><\/h3>\r\n<p>Aus praktischer technischer Sicht laufen die Dinge nicht immer so, wie sie sollten. Manchmal dringen Feinde ein und verursachen eine Krankheit. Dies kann zu unangenehmen Infektionskrankheiten wie Tuberkulose und Malaria f\u00fchren. Forscher tun alles, um dies zu verhindern. Hierf\u00fcr werden spezielle Impfstoffe und Heilmittel hergestellt. Diese sollen f\u00fcr eine Immunantwort sorgen. Eine Tumorzelle wird in der Regel beseitigt, kann aber manchmal entkommen.<\/p>\r\n<h3><span>Angreifer <\/span><\/h3>\r\n<p>Bei Krankheiten wie Rheuma oder Diabetes werden k\u00f6rpereigene Zellen vom k\u00f6rpereigenen Immunsystem angegriffen. Dann ist das System viel zu anst\u00f6\u00dfig. Es wurden Therapien entwickelt, die sich mit den Ursachen von Defiziten im Immunsystem befassen. Das menschliche Immunsystem m\u00f6chte manchmal gegen Pollen oder Hausstaubmilben vorgehen. Dabei handelt es sich grunds\u00e4tzlich um Fremdstoffe, die aber dennoch zu Asthma und Allergien f\u00fchren k\u00f6nnen. Das Immunsystem muss dann toleranter gemacht werden. Es werden Studien durchgef\u00fchrt, um von parasit\u00e4ren W\u00fcrmern und Magenbakterien zu lernen. Da sich diese W\u00fcrmer und Bakterien selbst sch\u00fctzen, wird das Immunsystem geschw\u00e4cht.<\/p>\r\n<h3><span>Organtransplantationen<\/span><\/h3>\r\n<p>Das Immunsystem ist auch im Zusammenhang mit Organtransplantationen wichtig. Spenderorgane sind immer k\u00f6rperfremd und k\u00f6nnen daher vom Immunsystem abgesto\u00dfen werden. Dies kann bedeuten, dass die Patienten spezielle Medikamente einnehmen m\u00fcssen. Diese k\u00f6nnen das System unterdr\u00fccken.<\/p>\r\n<h2><span>Was ist Herdenimmunit\u00e4t?<\/span><\/h2>\r\n<p>Herdenimmunit\u00e4t kann wichtig sein, um Viren und Krankheiten zu bek\u00e4mpfen. Impfungen dienen in erster Linie dazu, Sie oder Ihre Kinder zu sch\u00fctzen. Aber es schafft auch Gruppenimmunit\u00e4t. Je mehr Menschen \u00fcber eine aktive Immunit\u00e4t gegen eine bestimmte Krankheit verf\u00fcgen, desto geringer ist die Wahrscheinlichkeit einer Ausbreitung. Masern sind ein gutes Beispiel daf\u00fcr. Diese Erkrankung kann sich auch dann ausbreiten, wenn mehr als 5 % der Bev\u00f6lkerung nicht immun sind. Immunit\u00e4t wird durch Ansteckung mit der Krankheit oder Impfung erreicht.<\/p>\r\n<h3><span>Beseitigung von Krankheiten<\/span><\/h3>\r\n<p>Es ist ganz einfach. Wenn eine Person nicht mehr erkranken kann, kann die Krankheit nicht mehr auf eine andere Person \u00fcbertragen werden. Eine Krankheit kann sogar ganz verschwinden. Impfungen k\u00f6nnen daher daf\u00fcr sorgen, dass Krankheiten beseitigt werden. Dies ist bereits bei den Pocken geschehen und es besteht die Hoffnung, dass dies auch bei Polio der Fall sein wird. Dies gilt auch f\u00fcr R\u00f6teln und Masern.<\/p>\r\n\t\t\t\t\t\t\t\t<\/div>\n\t\t\t\t<\/div>\n\t\t\t\t\t<\/div>\n\t\t<\/div>\n\t\t\t\t<div class=\"elementor-column elementor-col-50 elementor-top-column elementor-element elementor-element-80c1178\" data-id=\"80c1178\" data-element_type=\"column\" data-e-type=\"column\">\n\t\t\t<div class=\"elementor-widget-wrap elementor-element-populated\">\n\t\t\t\t\t\t<div class=\"elementor-element elementor-element-f544e98 elementor-widget elementor-widget-text-editor\" data-id=\"f544e98\" data-element_type=\"widget\" data-e-type=\"widget\" data-widget_type=\"text-editor.default\">\n\t\t\t\t<div class=\"elementor-widget-container\">\n\t\t\t\t\t\t\t\t\t<h3><span>Kleine Kinder sch\u00fctzen<\/span><\/h3>\r\n<p>Untersuchungen zeigen, dass Herdenimmunit\u00e4t kleine Kinder sch\u00fctzt. Junge Menschen, die noch nicht geimpft sind, k\u00f6nnten von der Herdenimmunit\u00e4t profitieren. Dies wird auch Herdenimmunit\u00e4t genannt.<\/p>\r\n<h3><span>Passive Immunisierung<\/span><\/h3>\r\n<p><span><\/span>Es gibt zwei Arten der Immunisierung: passiv und aktiv. Bei der passiven Immunisierung werden Antik\u00f6rper verabreicht. Diese Stoffe werden von Tieren oder Menschen produziert und bieten einen sofortigen Schutz vor Infektionskrankheiten. Wenn sie menschlich sind, werden sie Immunglobuline genannt. Bei Tieren spricht man von Antiseren. Die Verwendung von Antiseren kann manchmal mit allergischen Reaktionen verbunden sein. Deshalb wurden sie h\u00e4ufig durch Immunglobuline menschlichen Ursprungs ersetzt.<\/p>\r\n<p><span>Passive Immunisierung wird verwendet, um eine Infektion abzuwehren oder drastisch zu reduzieren. Diese Form des Schutzes kommt h\u00e4ufig dann zum Einsatz, wenn ein Patient unter einer unzureichenden Antik\u00f6rperbildung leidet. Dies kann ein Zustand sein, der sich bei der Geburt entwickelt hat, oder als Folge einer Krankheit auftreten.<\/span><\/p>\r\n<p><span>Passive Impfung wird h\u00e4ufig in den folgenden Situationen eingesetzt:<\/span><\/p>\r\n<ul>\r\n<li><span>Bei Menschen mit hohem Infektionsrisiko. Dies kann daran liegen, dass eine Person bestimmten Mikroorganismen ausgesetzt war, die die Krankheit verursachen.<\/span><\/li>\r\n<li><span>Wenn bei einer Person ein hohes Risiko f\u00fcr schwerwiegende Komplikationen besteht. Dies kann beispielsweise die Folge von Infektionen sein. Denken Sie an einen jungen Menschen, der an Leuk\u00e4mie leidet und Masern oder Windpocken ausgesetzt war.<\/span><\/li>\r\n<li><span>Wenn die Zeit f\u00fcr einen ausreichenden Schutz durch aktive Immunisierung zu knapp ist oder nicht verf\u00fcgbar ist. Dies kann bei der Behandlung zur Vorbeugung eines Spinnen- oder Schlangenbisses der Fall sein.<\/span><\/li>\r\n<\/ul>\r\n<h3><span>Aktive Immunisierung<\/span><\/h3>\r\n<p><span><\/span>Wenn Ihr Immunsystem Antik\u00f6rper produziert, werden gleichzeitig Ged\u00e4chtniszellen produziert. Dadurch kann Ihr K\u00f6rper im Falle einer Neuinfektion schnell reagieren. Dieser Vorgang wird als aktive Immunisierung bezeichnet.<\/p>\r\n<h3><span>Betrieb<\/span><\/h3>\r\n<p><span><\/span>Es gibt zwei Arten von Immunglobulinen, die zur passiven Immunisierung verwendet werden. Wir sprechen \u00fcber spezifische Immunglobuline und allgemeines menschliches Globulin.<\/p>\r\n<p><span>Allgemeines menschliches Globulin wird aus Blut hergestellt, das von mindestens tausend Spendern stammt. Dadurch wird sichergestellt, dass viele verschiedene Antik\u00f6rper vorhanden sind. Diese Stoffe verhindern Krankheiten wie Masern, R\u00f6teln, Hepatitis A und andere.<\/span><\/p>\r\n<p><span>Allgemeines Humanglobulin wird h\u00e4ufig bei Patienten eingesetzt, deren Immunsystem nicht richtig funktioniert. Das Immunsystem wird dann gest\u00e4rkt.<\/span><\/p>\r\n<p><span>Wenn es sich um eine passive Immunisierung handelt, werden f\u00fcr die Immunisierung spezielle Immunglobuline verwendet. Die Immunglobuline entstehen aus spezifischen Antik\u00f6rpern, die ausschlie\u00dflich vor einer bestimmten Krankheit sch\u00fctzen. Aktuelle Einsatzgebiete von Immunglobulinen sind beispielsweise die Bek\u00e4mpfung von Hepatitis B, Tollwut und Tetanus. Antiseren eines Tieres k\u00f6nnen verwendet werden, um die Wirkung von Toxinen zu reduzieren.<\/span><\/p>\r\n<h3><span>Ergebnisse und Nebenwirkungen <\/span><\/h3>\r\n<p><span><\/span>Passive Immunisierung hat eine sofortige Wirkung. Es bietet Schutz und wirkt sofort. Die Dauer ist kurz. Dies bietet keinen Schutz \u00fcber einen l\u00e4ngeren Zeitraum. Dies muss ggf. wiederholt werden.<\/p>\r\n<h3><span>Nebenwirkungen<\/span><\/h3>\r\n<p><span><\/span>Normales menschliches Globulin verursacht eine Reihe von Nebenwirkungen. Denken Sie zum Beispiel an Fieber, Sch\u00fcttelfrost und allgemeines Unwohlsein. Es kann sogar vorkommen, dass allergische Reaktionen auftreten. Eine allgemeine passive Immunisierung st\u00f6rt manchmal die Reaktionen auf virale Lebendimpfstoffe. Aus diesem Grund ist es nicht ratsam, Impfungen drei Wochen vor oder nach einer Impfung mit allgemeinem Humanglobulin durchzuf\u00fchren.<\/p>\t\t\t\t\t\t\t\t<\/div>\n\t\t\t\t<\/div>\n\t\t\t\t\t<\/div>\n\t\t<\/div>\n\t\t\t\t\t<\/div>\n\t\t<\/section>\n\t\t\t\t<\/div>\n\t\t","protected":false},"excerpt":{"rendered":"<p>Immunit\u00e4t Was ist Immunit\u00e4t? In diesem Artikel werden wir uns eingehender mit der Bedeutung von Immunit\u00e4t befassen. Das Abwehrsystem oder Immunsystem dient der Verteidigung des menschlichen K\u00f6rpers. Das System bietet Schutz vor \u00e4u\u00dferen und inneren Krankheitserregern. Alle Menschen auf dieser Welt haben ein Immunsystem. Dies wandert durch den ganzen K\u00f6rper. Es kommt im Darm, in [&hellip;]<\/p>\n","protected":false},"author":1,"featured_media":0,"parent":7547,"menu_order":0,"comment_status":"closed","ping_status":"closed","template":"page-full-width.php","meta":{"footnotes":""},"class_list":["post-9647","page","type-page","status-publish","hentry"],"_links":{"self":[{"href":"https:\/\/nutricion.pro\/de\/wp-json\/wp\/v2\/pages\/9647","targetHints":{"allow":["GET"]}}],"collection":[{"href":"https:\/\/nutricion.pro\/de\/wp-json\/wp\/v2\/pages"}],"about":[{"href":"https:\/\/nutricion.pro\/de\/wp-json\/wp\/v2\/types\/page"}],"author":[{"embeddable":true,"href":"https:\/\/nutricion.pro\/de\/wp-json\/wp\/v2\/users\/1"}],"replies":[{"embeddable":true,"href":"https:\/\/nutricion.pro\/de\/wp-json\/wp\/v2\/comments?post=9647"}],"version-history":[{"count":4,"href":"https:\/\/nutricion.pro\/de\/wp-json\/wp\/v2\/pages\/9647\/revisions"}],"predecessor-version":[{"id":9655,"href":"https:\/\/nutricion.pro\/de\/wp-json\/wp\/v2\/pages\/9647\/revisions\/9655"}],"up":[{"embeddable":true,"href":"https:\/\/nutricion.pro\/de\/wp-json\/wp\/v2\/pages\/7547"}],"wp:attachment":[{"href":"https:\/\/nutricion.pro\/de\/wp-json\/wp\/v2\/media?parent=9647"}],"curies":[{"name":"wp","href":"https:\/\/api.w.org\/{rel}","templated":true}]}}